{"id":7131,"date":"2022-09-06T08:09:46","date_gmt":"2022-09-06T06:09:46","guid":{"rendered":"https:\/\/www.pat-patachon.de\/usedom-railway\/"},"modified":"2025-10-28T13:12:02","modified_gmt":"2025-10-28T12:12:02","slug":"usedom-railway","status":"publish","type":"page","link":"https:\/\/www.pat-patachon.de\/en\/references\/usedom-railway\/","title":{"rendered":"Usedom Railway"},"content":{"rendered":"\t\t<div data-elementor-type=\"wp-page\" data-elementor-id=\"7131\" class=\"elementor elementor-7131 elementor-1575\" data-elementor-post-type=\"page\">\n\t\t\t\t\t\t<section class=\"elementor-section elementor-top-section elementor-element elementor-element-5465dabb elementor-section-full_width elementor-section-height-min-height elementor-section-items-bottom elementor-section-content-bottom elementor-section-height-default\" data-id=\"5465dabb\" data-element_type=\"section\" data-e-type=\"section\" data-settings=\"{&quot;background_background&quot;:&quot;classic&quot;}\">\n\t\t\t\t\t\t\t<div class=\"elementor-background-overlay\"><\/div>\n\t\t\t\t\t\t\t<div class=\"elementor-container elementor-column-gap-no\">\n\t\t\t\t\t<div class=\"elementor-column elementor-col-100 elementor-top-column elementor-element elementor-element-29d1c3d1\" data-id=\"29d1c3d1\" data-element_type=\"column\" data-e-type=\"column\">\n\t\t\t<div class=\"elementor-widget-wrap elementor-element-populated\">\n\t\t\t\t\t\t<div class=\"elementor-element elementor-element-27ac2026 elementor-widget elementor-widget-heading\" data-id=\"27ac2026\" data-element_type=\"widget\" data-e-type=\"widget\" data-widget_type=\"heading.default\">\n\t\t\t\t<div class=\"elementor-widget-container\">\n\t\t\t\t\t<h2 class=\"elementor-heading-title elementor-size-default\">USEDOM<\/h2>\t\t\t\t<\/div>\n\t\t\t\t<\/div>\n\t\t\t\t\t<\/div>\n\t\t<\/div>\n\t\t\t\t\t<\/div>\n\t\t<\/section>\n\t\t\t\t<section class=\"elementor-section elementor-top-section elementor-element elementor-element-62a0f4cf elementor-section-boxed elementor-section-height-default elementor-section-height-default\" data-id=\"62a0f4cf\" data-element_type=\"section\" data-e-type=\"section\">\n\t\t\t\t\t\t<div class=\"elementor-container elementor-column-gap-default\">\n\t\t\t\t\t<div class=\"elementor-column elementor-col-100 elementor-top-column elementor-element elementor-element-2c8f25c1\" data-id=\"2c8f25c1\" data-element_type=\"column\" data-e-type=\"column\">\n\t\t\t<div class=\"elementor-widget-wrap elementor-element-populated\">\n\t\t\t\t\t\t<div class=\"elementor-element elementor-element-6e8105cd elementor-widget elementor-widget-heading\" data-id=\"6e8105cd\" data-element_type=\"widget\" data-e-type=\"widget\" data-widget_type=\"heading.default\">\n\t\t\t\t<div class=\"elementor-widget-container\">\n\t\t\t\t\t<h1 class=\"elementor-heading-title elementor-size-default\">From old to new \u2013<br>once worn out and made beautiful again!<\/h1>\t\t\t\t<\/div>\n\t\t\t\t<\/div>\n\t\t\t\t\t<\/div>\n\t\t<\/div>\n\t\t\t\t\t<\/div>\n\t\t<\/section>\n\t\t\t\t<section class=\"elementor-section elementor-top-section elementor-element elementor-element-2cb7a9a elementor-section-content-middle elementor-section-boxed elementor-section-height-default elementor-section-height-default\" data-id=\"2cb7a9a\" data-element_type=\"section\" data-e-type=\"section\">\n\t\t\t\t\t\t<div class=\"elementor-container elementor-column-gap-default\">\n\t\t\t\t\t<div class=\"elementor-column elementor-col-33 elementor-top-column elementor-element elementor-element-10cb046\" data-id=\"10cb046\" data-element_type=\"column\" data-e-type=\"column\">\n\t\t\t<div class=\"elementor-widget-wrap elementor-element-populated\">\n\t\t\t\t\t\t<div class=\"elementor-element elementor-element-94b0b09 elementor-widget elementor-widget-heading\" data-id=\"94b0b09\" data-element_type=\"widget\" data-e-type=\"widget\" data-widget_type=\"heading.default\">\n\t\t\t\t<div class=\"elementor-widget-container\">\n\t\t\t\t\t<h2 class=\"elementor-heading-title elementor-size-default\">Usedom Railway<\/h2>\t\t\t\t<\/div>\n\t\t\t\t<\/div>\n\t\t\t\t<div class=\"elementor-element elementor-element-47a8d16 elementor-widget elementor-widget-text-editor\" data-id=\"47a8d16\" data-element_type=\"widget\" data-e-type=\"widget\" data-widget_type=\"text-editor.default\">\n\t\t\t\t<div class=\"elementor-widget-container\">\n\t\t\t\t\t\t\t\t\t<p>Three trains of the Usedom Railway were commissioned by <b>Pat &amp; Patachon<\/b>:<br>The old, dented, and run-down trains were to receive a new look &amp; feel. After all, the trains themselves were still fully functional. <br><br><\/p>\t\t\t\t\t\t\t\t<\/div>\n\t\t\t\t<\/div>\n\t\t\t\t\t<\/div>\n\t\t<\/div>\n\t\t\t\t<div class=\"elementor-column elementor-col-66 elementor-top-column elementor-element elementor-element-c888206\" data-id=\"c888206\" data-element_type=\"column\" data-e-type=\"column\">\n\t\t\t<div class=\"elementor-widget-wrap elementor-element-populated\">\n\t\t\t\t\t\t<div class=\"elementor-element elementor-element-2bf6eea elementor-widget elementor-widget-image\" data-id=\"2bf6eea\" data-element_type=\"widget\" data-e-type=\"widget\" data-widget_type=\"image.default\">\n\t\t\t\t<div class=\"elementor-widget-container\">\n\t\t\t\t\t\t\t\t\t\t\t\t\t\t\t<img fetchpriority=\"high\" decoding=\"async\" width=\"2560\" height=\"1706\" src=\"https:\/\/www.pat-patachon.de\/wp-content\/uploads\/2022\/09\/usedom_1-scaled.jpg\" class=\"attachment-full size-full wp-image-6685\" alt=\"Ein modern folierter Zug mit regionalen Usedom-Motiven steht auf den Gleisen. Die Gestaltung zeigt Sehensw\u00fcrdigkeiten, gr\u00fcne Landschaften und kulturelle Elemente der Region, w\u00e4hrend der Himmel klar und blau \u00fcber dem Zug erstrahlt.\" srcset=\"https:\/\/www.pat-patachon.de\/wp-content\/uploads\/2022\/09\/usedom_1-scaled.jpg 2560w, https:\/\/www.pat-patachon.de\/wp-content\/uploads\/2022\/09\/usedom_1-300x200.jpg 300w, https:\/\/www.pat-patachon.de\/wp-content\/uploads\/2022\/09\/usedom_1-1024x683.jpg 1024w, https:\/\/www.pat-patachon.de\/wp-content\/uploads\/2022\/09\/usedom_1-768x512.jpg 768w, https:\/\/www.pat-patachon.de\/wp-content\/uploads\/2022\/09\/usedom_1-1536x1024.jpg 1536w, https:\/\/www.pat-patachon.de\/wp-content\/uploads\/2022\/09\/usedom_1-2048x1365.jpg 2048w\" sizes=\"(max-width: 2560px) 100vw, 2560px\" \/>\t\t\t\t\t\t\t\t\t\t\t\t\t\t\t<\/div>\n\t\t\t\t<\/div>\n\t\t\t\t\t<\/div>\n\t\t<\/div>\n\t\t\t\t\t<\/div>\n\t\t<\/section>\n\t\t\t\t<section class=\"elementor-section elementor-top-section elementor-element elementor-element-b43842c elementor-section-content-middle elementor-section-boxed elementor-section-height-default elementor-section-height-default\" data-id=\"b43842c\" data-element_type=\"section\" data-e-type=\"section\">\n\t\t\t\t\t\t<div class=\"elementor-container elementor-column-gap-default\">\n\t\t\t\t\t<div class=\"elementor-column elementor-col-66 elementor-top-column elementor-element elementor-element-43769c5\" data-id=\"43769c5\" data-element_type=\"column\" data-e-type=\"column\">\n\t\t\t<div class=\"elementor-widget-wrap elementor-element-populated\">\n\t\t\t\t\t\t<div class=\"elementor-element elementor-element-2dc0e53 elementor-widget elementor-widget-image\" data-id=\"2dc0e53\" data-element_type=\"widget\" data-e-type=\"widget\" data-widget_type=\"image.default\">\n\t\t\t\t<div class=\"elementor-widget-container\">\n\t\t\t\t\t\t\t\t\t\t\t\t\t\t\t<img decoding=\"async\" width=\"2560\" height=\"1706\" src=\"https:\/\/www.pat-patachon.de\/wp-content\/uploads\/2022\/09\/usedom_5-scaled.jpg\" class=\"attachment-full size-full wp-image-6689\" alt=\"An employee removes a vehicle number from a train with great precision. His focused posture emphasizes his craftsmanship.\" srcset=\"https:\/\/www.pat-patachon.de\/wp-content\/uploads\/2022\/09\/usedom_5-scaled.jpg 2560w, https:\/\/www.pat-patachon.de\/wp-content\/uploads\/2022\/09\/usedom_5-300x200.jpg 300w, https:\/\/www.pat-patachon.de\/wp-content\/uploads\/2022\/09\/usedom_5-1024x683.jpg 1024w, https:\/\/www.pat-patachon.de\/wp-content\/uploads\/2022\/09\/usedom_5-768x512.jpg 768w, https:\/\/www.pat-patachon.de\/wp-content\/uploads\/2022\/09\/usedom_5-1536x1024.jpg 1536w, https:\/\/www.pat-patachon.de\/wp-content\/uploads\/2022\/09\/usedom_5-2048x1365.jpg 2048w\" sizes=\"(max-width: 2560px) 100vw, 2560px\" \/>\t\t\t\t\t\t\t\t\t\t\t\t\t\t\t<\/div>\n\t\t\t\t<\/div>\n\t\t\t\t\t<\/div>\n\t\t<\/div>\n\t\t\t\t<div class=\"elementor-column elementor-col-33 elementor-top-column elementor-element elementor-element-5c5f334\" data-id=\"5c5f334\" data-element_type=\"column\" data-e-type=\"column\">\n\t\t\t<div class=\"elementor-widget-wrap elementor-element-populated\">\n\t\t\t\t\t\t<div class=\"elementor-element elementor-element-1baf77c elementor-widget elementor-widget-heading\" data-id=\"1baf77c\" data-element_type=\"widget\" data-e-type=\"widget\" data-widget_type=\"heading.default\">\n\t\t\t\t<div class=\"elementor-widget-container\">\n\t\t\t\t\t<h2 class=\"elementor-heading-title elementor-size-default\">Train Branding<\/h2>\t\t\t\t<\/div>\n\t\t\t\t<\/div>\n\t\t\t\t<div class=\"elementor-element elementor-element-ad3832d elementor-widget elementor-widget-text-editor\" data-id=\"ad3832d\" data-element_type=\"widget\" data-e-type=\"widget\" data-widget_type=\"text-editor.default\">\n\t\t\t\t<div class=\"elementor-widget-container\">\n\t\t\t\t\t\t\t\t\t<p><b>Said and done:<\/b> We filled, sanded, removed lettering, and completely cleaned the trains from the outside. Afterwards, they were wrapped in a new outfit and lettered by us. Since then, they have been back in daily service as Usedom Railway.  <\/p>\t\t\t\t\t\t\t\t<\/div>\n\t\t\t\t<\/div>\n\t\t\t\t\t<\/div>\n\t\t<\/div>\n\t\t\t\t\t<\/div>\n\t\t<\/section>\n\t\t\t\t<section class=\"elementor-section elementor-top-section elementor-element elementor-element-7dd5a6d elementor-section-boxed elementor-section-height-default elementor-section-height-default\" data-id=\"7dd5a6d\" data-element_type=\"section\" data-e-type=\"section\">\n\t\t\t\t\t\t<div class=\"elementor-container elementor-column-gap-default\">\n\t\t\t\t\t<div class=\"elementor-column elementor-col-33 elementor-top-column elementor-element elementor-element-88deb5c\" data-id=\"88deb5c\" data-element_type=\"column\" data-e-type=\"column\">\n\t\t\t<div class=\"elementor-widget-wrap elementor-element-populated\">\n\t\t\t\t\t\t<div class=\"elementor-element elementor-element-1a5d4c7 elementor-widget elementor-widget-image\" data-id=\"1a5d4c7\" data-element_type=\"widget\" data-e-type=\"widget\" data-widget_type=\"image.default\">\n\t\t\t\t<div class=\"elementor-widget-container\">\n\t\t\t\t\t\t\t\t\t\t\t\t\t\t\t<img decoding=\"async\" width=\"640\" height=\"427\" src=\"https:\/\/www.pat-patachon.de\/wp-content\/uploads\/2022\/09\/usedom_4-1024x683.jpg\" class=\"attachment-large size-large wp-image-6688\" alt=\"Ein Mitarbeiter schleift sorgf\u00e4ltig die Oberfl\u00e4che eines Zuges ab, um ihn f\u00fcr die Neugestaltung vorzubereiten. Mit einer Atemschutzmaske und Handschuhen sorgt er f\u00fcr Pr\u00e4zision und Sicherheit bei der Arbeit.\" srcset=\"https:\/\/www.pat-patachon.de\/wp-content\/uploads\/2022\/09\/usedom_4-1024x683.jpg 1024w, https:\/\/www.pat-patachon.de\/wp-content\/uploads\/2022\/09\/usedom_4-300x200.jpg 300w, https:\/\/www.pat-patachon.de\/wp-content\/uploads\/2022\/09\/usedom_4-768x512.jpg 768w, https:\/\/www.pat-patachon.de\/wp-content\/uploads\/2022\/09\/usedom_4-1536x1024.jpg 1536w, https:\/\/www.pat-patachon.de\/wp-content\/uploads\/2022\/09\/usedom_4-2048x1365.jpg 2048w\" sizes=\"(max-width: 640px) 100vw, 640px\" \/>\t\t\t\t\t\t\t\t\t\t\t\t\t\t\t<\/div>\n\t\t\t\t<\/div>\n\t\t\t\t\t<\/div>\n\t\t<\/div>\n\t\t\t\t<div class=\"elementor-column elementor-col-33 elementor-top-column elementor-element elementor-element-f6b8d48\" data-id=\"f6b8d48\" data-element_type=\"column\" data-e-type=\"column\">\n\t\t\t<div class=\"elementor-widget-wrap elementor-element-populated\">\n\t\t\t\t\t\t<div class=\"elementor-element elementor-element-6780d14 elementor-widget elementor-widget-image\" data-id=\"6780d14\" data-element_type=\"widget\" data-e-type=\"widget\" data-widget_type=\"image.default\">\n\t\t\t\t<div class=\"elementor-widget-container\">\n\t\t\t\t\t\t\t\t\t\t\t\t\t\t\t<img loading=\"lazy\" decoding=\"async\" width=\"640\" height=\"427\" src=\"https:\/\/www.pat-patachon.de\/wp-content\/uploads\/2022\/09\/usedom_6-1024x683.jpg\" class=\"attachment-large size-large wp-image-6690\" alt=\"Ein Mitarbeiter erw\u00e4rmt mit einer Hei\u00dfluftpistole eine alte Beschriftung auf einem Fahrzeug, um sie leichter entfernen zu k\u00f6nnen. Mit konzentriertem Blick bereitet er die Oberfl\u00e4che f\u00fcr die n\u00e4chste Gestaltung vor.\" srcset=\"https:\/\/www.pat-patachon.de\/wp-content\/uploads\/2022\/09\/usedom_6-1024x683.jpg 1024w, https:\/\/www.pat-patachon.de\/wp-content\/uploads\/2022\/09\/usedom_6-300x200.jpg 300w, https:\/\/www.pat-patachon.de\/wp-content\/uploads\/2022\/09\/usedom_6-768x512.jpg 768w, https:\/\/www.pat-patachon.de\/wp-content\/uploads\/2022\/09\/usedom_6-1536x1024.jpg 1536w, https:\/\/www.pat-patachon.de\/wp-content\/uploads\/2022\/09\/usedom_6-2048x1365.jpg 2048w\" sizes=\"(max-width: 640px) 100vw, 640px\" \/>\t\t\t\t\t\t\t\t\t\t\t\t\t\t\t<\/div>\n\t\t\t\t<\/div>\n\t\t\t\t\t<\/div>\n\t\t<\/div>\n\t\t\t\t<div class=\"elementor-column elementor-col-33 elementor-top-column elementor-element elementor-element-55ba75b\" data-id=\"55ba75b\" data-element_type=\"column\" data-e-type=\"column\">\n\t\t\t<div class=\"elementor-widget-wrap elementor-element-populated\">\n\t\t\t\t\t\t<div class=\"elementor-element elementor-element-8fc4411 elementor-widget elementor-widget-image\" data-id=\"8fc4411\" data-element_type=\"widget\" data-e-type=\"widget\" data-widget_type=\"image.default\">\n\t\t\t\t<div class=\"elementor-widget-container\">\n\t\t\t\t\t\t\t\t\t\t\t\t\t\t\t<img loading=\"lazy\" decoding=\"async\" width=\"640\" height=\"427\" src=\"https:\/\/www.pat-patachon.de\/wp-content\/uploads\/2022\/09\/usedom_7-1024x683.jpg\" class=\"attachment-large size-large wp-image-6691\" alt=\"Ein Mitarbeiter entfernt pr\u00e4zise eine alte Beschriftung von einem Fahrzeug. Die wei\u00dfe Folie wird von der orangefarbenen Oberfl\u00e4che abgezogen, um Platz f\u00fcr eine neue Gestaltung zu schaffen.\" srcset=\"https:\/\/www.pat-patachon.de\/wp-content\/uploads\/2022\/09\/usedom_7-1024x683.jpg 1024w, https:\/\/www.pat-patachon.de\/wp-content\/uploads\/2022\/09\/usedom_7-300x200.jpg 300w, https:\/\/www.pat-patachon.de\/wp-content\/uploads\/2022\/09\/usedom_7-768x512.jpg 768w, https:\/\/www.pat-patachon.de\/wp-content\/uploads\/2022\/09\/usedom_7-1536x1024.jpg 1536w, https:\/\/www.pat-patachon.de\/wp-content\/uploads\/2022\/09\/usedom_7-2048x1365.jpg 2048w\" sizes=\"(max-width: 640px) 100vw, 640px\" \/>\t\t\t\t\t\t\t\t\t\t\t\t\t\t\t<\/div>\n\t\t\t\t<\/div>\n\t\t\t\t\t<\/div>\n\t\t<\/div>\n\t\t\t\t\t<\/div>\n\t\t<\/section>\n\t\t\t\t<section class=\"elementor-section elementor-top-section elementor-element elementor-element-318d573 elementor-section-content-middle elementor-section-boxed elementor-section-height-default elementor-section-height-default\" data-id=\"318d573\" data-element_type=\"section\" data-e-type=\"section\">\n\t\t\t\t\t\t<div class=\"elementor-container elementor-column-gap-default\">\n\t\t\t\t\t<div class=\"elementor-column elementor-col-33 elementor-top-column elementor-element elementor-element-8f211fc\" data-id=\"8f211fc\" data-element_type=\"column\" data-e-type=\"column\">\n\t\t\t<div class=\"elementor-widget-wrap elementor-element-populated\">\n\t\t\t\t\t\t<div class=\"elementor-element elementor-element-f71acc2 elementor-widget elementor-widget-text-editor\" data-id=\"f71acc2\" data-element_type=\"widget\" data-e-type=\"widget\" data-widget_type=\"text-editor.default\">\n\t\t\t\t<div class=\"elementor-widget-container\">\n\t\t\t\t\t\t\t\t\t<p>A two-person team took care of the complete removal of lettering. Afterwards, a three-person team was entrusted with the new lettering.<br>184 m\u00b2 of film was produced per train. <br><b>Production type:<\/b> High-performance &amp; railway-certified digital print film.<br><b>Installation duration:<\/b> 4 days per train for removing and applying lettering.<\/p>\t\t\t\t\t\t\t\t<\/div>\n\t\t\t\t<\/div>\n\t\t\t\t\t<\/div>\n\t\t<\/div>\n\t\t\t\t<div class=\"elementor-column elementor-col-66 elementor-top-column elementor-element elementor-element-14309b0\" data-id=\"14309b0\" data-element_type=\"column\" data-e-type=\"column\">\n\t\t\t<div class=\"elementor-widget-wrap elementor-element-populated\">\n\t\t\t\t\t\t<div class=\"elementor-element elementor-element-6e5aab2 elementor-widget elementor-widget-image\" data-id=\"6e5aab2\" data-element_type=\"widget\" data-e-type=\"widget\" data-widget_type=\"image.default\">\n\t\t\t\t<div class=\"elementor-widget-container\">\n\t\t\t\t\t\t\t\t\t\t\t\t\t\t\t<img loading=\"lazy\" decoding=\"async\" width=\"2560\" height=\"1706\" src=\"https:\/\/www.pat-patachon.de\/wp-content\/uploads\/2022\/09\/usedom_3-scaled.jpg\" class=\"attachment-full size-full wp-image-6687\" alt=\"Ein Zug mit einer farbenfrohen Folierung zeigt Sehensw\u00fcrdigkeiten der Region Usedom, darunter eine Seebr\u00fccke, historische Geb\u00e4ude und eine Windm\u00fchle. Das Design verbindet K\u00fcstenlandschaft und Stadtarchitektur auf einer harmonischen Gestaltung.\" srcset=\"https:\/\/www.pat-patachon.de\/wp-content\/uploads\/2022\/09\/usedom_3-scaled.jpg 2560w, https:\/\/www.pat-patachon.de\/wp-content\/uploads\/2022\/09\/usedom_3-300x200.jpg 300w, https:\/\/www.pat-patachon.de\/wp-content\/uploads\/2022\/09\/usedom_3-1024x683.jpg 1024w, https:\/\/www.pat-patachon.de\/wp-content\/uploads\/2022\/09\/usedom_3-768x512.jpg 768w, https:\/\/www.pat-patachon.de\/wp-content\/uploads\/2022\/09\/usedom_3-1536x1024.jpg 1536w, https:\/\/www.pat-patachon.de\/wp-content\/uploads\/2022\/09\/usedom_3-2048x1365.jpg 2048w\" sizes=\"(max-width: 2560px) 100vw, 2560px\" \/>\t\t\t\t\t\t\t\t\t\t\t\t\t\t\t<\/div>\n\t\t\t\t<\/div>\n\t\t\t\t\t<\/div>\n\t\t<\/div>\n\t\t\t\t\t<\/div>\n\t\t<\/section>\n\t\t\t\t<\/div>\n\t\t","protected":false},"excerpt":{"rendered":"<p>USEDOM From old to new \u2013once worn out and made beautiful again! Usedom Railway Three trains of the Usedom Railway were commissioned by Pat &amp; Patachon:The old, dented, and run-down trains were to receive a new look &amp; feel. After all, the trains themselves were still fully functional. Train Branding Said and done: We filled, [&hellip;]<\/p>\n","protected":false},"author":2,"featured_media":0,"parent":7158,"menu_order":0,"comment_status":"closed","ping_status":"closed","template":"","meta":{"_acf_changed":false,"footnotes":""},"class_list":["post-7131","page","type-page","status-publish","hentry"],"acf":[],"_links":{"self":[{"href":"https:\/\/www.pat-patachon.de\/en\/wp-json\/wp\/v2\/pages\/7131","targetHints":{"allow":["GET"]}}],"collection":[{"href":"https:\/\/www.pat-patachon.de\/en\/wp-json\/wp\/v2\/pages"}],"about":[{"href":"https:\/\/www.pat-patachon.de\/en\/wp-json\/wp\/v2\/types\/page"}],"author":[{"embeddable":true,"href":"https:\/\/www.pat-patachon.de\/en\/wp-json\/wp\/v2\/users\/2"}],"replies":[{"embeddable":true,"href":"https:\/\/www.pat-patachon.de\/en\/wp-json\/wp\/v2\/comments?post=7131"}],"version-history":[{"count":1,"href":"https:\/\/www.pat-patachon.de\/en\/wp-json\/wp\/v2\/pages\/7131\/revisions"}],"predecessor-version":[{"id":7134,"href":"https:\/\/www.pat-patachon.de\/en\/wp-json\/wp\/v2\/pages\/7131\/revisions\/7134"}],"up":[{"embeddable":true,"href":"https:\/\/www.pat-patachon.de\/en\/wp-json\/wp\/v2\/pages\/7158"}],"wp:attachment":[{"href":"https:\/\/www.pat-patachon.de\/en\/wp-json\/wp\/v2\/media?parent=7131"}],"curies":[{"name":"wp","href":"https:\/\/api.w.org\/{rel}","templated":true}]}}