{"id":7137,"date":"2022-09-05T08:34:04","date_gmt":"2022-09-05T06:34:04","guid":{"rendered":"https:\/\/www.pat-patachon.de\/berlin-city-cleaning\/"},"modified":"2025-10-28T12:59:38","modified_gmt":"2025-10-28T11:59:38","slug":"berlin-city-cleaning","status":"publish","type":"page","link":"https:\/\/www.pat-patachon.de\/en\/references\/berlin-city-cleaning\/","title":{"rendered":"Berlin City Cleaning"},"content":{"rendered":"\t\t<div data-elementor-type=\"wp-page\" data-elementor-id=\"7137\" class=\"elementor elementor-7137 elementor-1370\" data-elementor-post-type=\"page\">\n\t\t\t\t\t\t<section class=\"elementor-section elementor-top-section elementor-element elementor-element-5465dabb elementor-section-full_width elementor-section-height-min-height elementor-section-items-bottom elementor-section-content-bottom elementor-section-height-default\" data-id=\"5465dabb\" data-element_type=\"section\" data-e-type=\"section\" data-settings=\"{&quot;background_background&quot;:&quot;classic&quot;}\">\n\t\t\t\t\t\t\t<div class=\"elementor-background-overlay\"><\/div>\n\t\t\t\t\t\t\t<div class=\"elementor-container elementor-column-gap-no\">\n\t\t\t\t\t<div class=\"elementor-column elementor-col-100 elementor-top-column elementor-element elementor-element-29d1c3d1\" data-id=\"29d1c3d1\" data-element_type=\"column\" data-e-type=\"column\">\n\t\t\t<div class=\"elementor-widget-wrap elementor-element-populated\">\n\t\t\t\t\t\t<div class=\"elementor-element elementor-element-27ac2026 elementor-widget elementor-widget-heading\" data-id=\"27ac2026\" data-element_type=\"widget\" data-e-type=\"widget\" data-widget_type=\"heading.default\">\n\t\t\t\t<div class=\"elementor-widget-container\">\n\t\t\t\t\t<h2 class=\"elementor-heading-title elementor-size-default\">CITY CLEANING<\/h2>\t\t\t\t<\/div>\n\t\t\t\t<\/div>\n\t\t\t\t\t<\/div>\n\t\t<\/div>\n\t\t\t\t\t<\/div>\n\t\t<\/section>\n\t\t\t\t<section class=\"elementor-section elementor-top-section elementor-element elementor-element-62a0f4cf elementor-section-boxed elementor-section-height-default elementor-section-height-default\" data-id=\"62a0f4cf\" data-element_type=\"section\" data-e-type=\"section\">\n\t\t\t\t\t\t<div class=\"elementor-container elementor-column-gap-default\">\n\t\t\t\t\t<div class=\"elementor-column elementor-col-100 elementor-top-column elementor-element elementor-element-2c8f25c1\" data-id=\"2c8f25c1\" data-element_type=\"column\" data-e-type=\"column\">\n\t\t\t<div class=\"elementor-widget-wrap elementor-element-populated\">\n\t\t\t\t\t\t<div class=\"elementor-element elementor-element-6e8105cd elementor-widget elementor-widget-heading\" data-id=\"6e8105cd\" data-element_type=\"widget\" data-e-type=\"widget\" data-widget_type=\"heading.default\">\n\t\t\t\t<div class=\"elementor-widget-container\">\n\t\t\t\t\t<h1 class=\"elementor-heading-title elementor-size-default\">MEGALOMANIA, <br>that brings us joy.<\/h1>\t\t\t\t<\/div>\n\t\t\t\t<\/div>\n\t\t\t\t\t<\/div>\n\t\t<\/div>\n\t\t\t\t\t<\/div>\n\t\t<\/section>\n\t\t\t\t<section class=\"elementor-section elementor-top-section elementor-element elementor-element-2cb7a9a elementor-section-content-middle elementor-section-boxed elementor-section-height-default elementor-section-height-default\" data-id=\"2cb7a9a\" data-element_type=\"section\" data-e-type=\"section\">\n\t\t\t\t\t\t<div class=\"elementor-container elementor-column-gap-default\">\n\t\t\t\t\t<div class=\"elementor-column elementor-col-33 elementor-top-column elementor-element elementor-element-10cb046\" data-id=\"10cb046\" data-element_type=\"column\" data-e-type=\"column\">\n\t\t\t<div class=\"elementor-widget-wrap elementor-element-populated\">\n\t\t\t\t\t\t<div class=\"elementor-element elementor-element-94b0b09 elementor-widget elementor-widget-heading\" data-id=\"94b0b09\" data-element_type=\"widget\" data-e-type=\"widget\" data-widget_type=\"heading.default\">\n\t\t\t\t<div class=\"elementor-widget-container\">\n\t\t\t\t\t<h2 class=\"elementor-heading-title elementor-size-default\">Berlin City Cleaning<\/h2>\t\t\t\t<\/div>\n\t\t\t\t<\/div>\n\t\t\t\t<div class=\"elementor-element elementor-element-47a8d16 elementor-widget elementor-widget-text-editor\" data-id=\"47a8d16\" data-element_type=\"widget\" data-e-type=\"widget\" data-widget_type=\"text-editor.default\">\n\t\t\t\t<div class=\"elementor-widget-container\">\n\t\t\t\t\t\t\t\t\t<p>Shown here is a part of the Berlin City Cleaning&#8217;s vehicle fleet. Our fleet branding project management is responsible for the entire fleet &nbsp;<span style=\"color: var( --e-global-color-text ); font-family: var( --e-global-typography-text-font-family ), Sans-serif; font-size: var( --e-global-typography-text-font-size ); font-weight: var( --e-global-typography-text-font-weight );\">with a strong 550 vehicles.<\/span><span style=\"color: var( --e-global-color-text ); font-family: var( --e-global-typography-text-font-family ), Sans-serif; font-size: var( --e-global-typography-text-font-size ); font-weight: var( --e-global-typography-text-font-weight );\">&nbsp;<\/span><br><\/p>\t\t\t\t\t\t\t\t<\/div>\n\t\t\t\t<\/div>\n\t\t\t\t\t<\/div>\n\t\t<\/div>\n\t\t\t\t<div class=\"elementor-column elementor-col-66 elementor-top-column elementor-element elementor-element-c888206\" data-id=\"c888206\" data-element_type=\"column\" data-e-type=\"column\">\n\t\t\t<div class=\"elementor-widget-wrap elementor-element-populated\">\n\t\t\t\t\t\t<div class=\"elementor-element elementor-element-2bf6eea elementor-widget elementor-widget-image\" data-id=\"2bf6eea\" data-element_type=\"widget\" data-e-type=\"widget\" data-widget_type=\"image.default\">\n\t\t\t\t<div class=\"elementor-widget-container\">\n\t\t\t\t\t\t\t\t\t\t\t\t\t\t\t<img fetchpriority=\"high\" decoding=\"async\" width=\"2560\" height=\"1706\" src=\"https:\/\/www.pat-patachon.de\/wp-content\/uploads\/2022\/09\/bsr2-scaled.jpg\" class=\"attachment-full size-full wp-image-6640\" alt=\"Mehrere silberne Volkswagen Polo mit orangefarbener Folierung stehen in einer gro\u00dfen, gut beleuchteten Werkshalle in Reihen angeordnet. Die Fahrzeuge sind fertig foliert und bereit f\u00fcr den Einsatz.\" srcset=\"https:\/\/www.pat-patachon.de\/wp-content\/uploads\/2022\/09\/bsr2-scaled.jpg 2560w, https:\/\/www.pat-patachon.de\/wp-content\/uploads\/2022\/09\/bsr2-300x200.jpg 300w, https:\/\/www.pat-patachon.de\/wp-content\/uploads\/2022\/09\/bsr2-1024x683.jpg 1024w, https:\/\/www.pat-patachon.de\/wp-content\/uploads\/2022\/09\/bsr2-768x512.jpg 768w, https:\/\/www.pat-patachon.de\/wp-content\/uploads\/2022\/09\/bsr2-1536x1024.jpg 1536w, https:\/\/www.pat-patachon.de\/wp-content\/uploads\/2022\/09\/bsr2-2048x1365.jpg 2048w\" sizes=\"(max-width: 2560px) 100vw, 2560px\" \/>\t\t\t\t\t\t\t\t\t\t\t\t\t\t\t<\/div>\n\t\t\t\t<\/div>\n\t\t\t\t\t<\/div>\n\t\t<\/div>\n\t\t\t\t\t<\/div>\n\t\t<\/section>\n\t\t\t\t<section class=\"elementor-section elementor-top-section elementor-element elementor-element-8b7b2af elementor-section-boxed elementor-section-height-default elementor-section-height-default\" data-id=\"8b7b2af\" data-element_type=\"section\" data-e-type=\"section\">\n\t\t\t\t\t\t<div class=\"elementor-container elementor-column-gap-default\">\n\t\t\t\t\t<div class=\"elementor-column elementor-col-100 elementor-top-column elementor-element elementor-element-9445f1c\" data-id=\"9445f1c\" data-element_type=\"column\" data-e-type=\"column\">\n\t\t\t<div class=\"elementor-widget-wrap elementor-element-populated\">\n\t\t\t\t\t\t<div class=\"elementor-element elementor-element-686b1ee elementor-widget elementor-widget-text-editor\" data-id=\"686b1ee\" data-element_type=\"widget\" data-e-type=\"widget\" data-widget_type=\"text-editor.default\">\n\t\t\t\t<div class=\"elementor-widget-container\">\n\t\t\t\t\t\t\t\t\t<p style=\"text-align: center;\"><strong>Overview of services provided:<\/strong><\/p><p style=\"text-align: center;\">Production of the print foil (material selection based on purpose and duration of use)<br>Assembly planning and implementation according to the specified timeframe<br>Various lettering designs within the CI guidelines<br>Maintenance of the entire fleet in case of repairs<\/p>\t\t\t\t\t\t\t\t<\/div>\n\t\t\t\t<\/div>\n\t\t\t\t\t<\/div>\n\t\t<\/div>\n\t\t\t\t\t<\/div>\n\t\t<\/section>\n\t\t\t\t<section class=\"elementor-section elementor-top-section elementor-element elementor-element-b43842c elementor-section-content-middle elementor-section-boxed elementor-section-height-default elementor-section-height-default\" data-id=\"b43842c\" data-element_type=\"section\" data-e-type=\"section\">\n\t\t\t\t\t\t<div class=\"elementor-container elementor-column-gap-default\">\n\t\t\t\t\t<div class=\"elementor-column elementor-col-66 elementor-top-column elementor-element elementor-element-43769c5\" data-id=\"43769c5\" data-element_type=\"column\" data-e-type=\"column\">\n\t\t\t<div class=\"elementor-widget-wrap elementor-element-populated\">\n\t\t\t\t\t\t<div class=\"elementor-element elementor-element-2dc0e53 elementor-widget elementor-widget-image\" data-id=\"2dc0e53\" data-element_type=\"widget\" data-e-type=\"widget\" data-widget_type=\"image.default\">\n\t\t\t\t<div class=\"elementor-widget-container\">\n\t\t\t\t\t\t\t\t\t\t\t\t\t\t\t<img decoding=\"async\" width=\"2560\" height=\"1706\" src=\"https:\/\/www.pat-patachon.de\/wp-content\/uploads\/2022\/09\/bsr1-scaled.jpg\" class=\"attachment-full size-full wp-image-6641\" alt=\"Ein Autotransporter beladen mit silbernen Volkswagen Polo, die eine auff\u00e4llige orangefarbene Fahrzeugfolierung mit Stadtsilhouette tragen. Die Fahrzeuge sind f\u00fcr den Transport gesichert, der Himmel ist bew\u00f6lkt.\" srcset=\"https:\/\/www.pat-patachon.de\/wp-content\/uploads\/2022\/09\/bsr1-scaled.jpg 2560w, https:\/\/www.pat-patachon.de\/wp-content\/uploads\/2022\/09\/bsr1-300x200.jpg 300w, https:\/\/www.pat-patachon.de\/wp-content\/uploads\/2022\/09\/bsr1-1024x683.jpg 1024w, https:\/\/www.pat-patachon.de\/wp-content\/uploads\/2022\/09\/bsr1-768x512.jpg 768w, https:\/\/www.pat-patachon.de\/wp-content\/uploads\/2022\/09\/bsr1-1536x1024.jpg 1536w, https:\/\/www.pat-patachon.de\/wp-content\/uploads\/2022\/09\/bsr1-2048x1365.jpg 2048w\" sizes=\"(max-width: 2560px) 100vw, 2560px\" \/>\t\t\t\t\t\t\t\t\t\t\t\t\t\t\t<\/div>\n\t\t\t\t<\/div>\n\t\t\t\t\t<\/div>\n\t\t<\/div>\n\t\t\t\t<div class=\"elementor-column elementor-col-33 elementor-top-column elementor-element elementor-element-5c5f334\" data-id=\"5c5f334\" data-element_type=\"column\" data-e-type=\"column\">\n\t\t\t<div class=\"elementor-widget-wrap elementor-element-populated\">\n\t\t\t\t\t\t<div class=\"elementor-element elementor-element-efa1eaa elementor-widget elementor-widget-heading\" data-id=\"efa1eaa\" data-element_type=\"widget\" data-e-type=\"widget\" data-widget_type=\"heading.default\">\n\t\t\t\t<div class=\"elementor-widget-container\">\n\t\t\t\t\t<h2 class=\"elementor-heading-title elementor-size-default\">Fleet Branding<\/h2>\t\t\t\t<\/div>\n\t\t\t\t<\/div>\n\t\t\t\t<div class=\"elementor-element elementor-element-ad3832d elementor-widget elementor-widget-text-editor\" data-id=\"ad3832d\" data-element_type=\"widget\" data-e-type=\"widget\" data-widget_type=\"text-editor.default\">\n\t\t\t\t<div class=\"elementor-widget-container\">\n\t\t\t\t\t\t\t\t\t<p>Our challenges here were in the specification of a special foil material, due to the HKS7 template. The print data creation and adaptation had to be adjusted accordingly for the different vehicle types. Detailed scheduling was also important to ensure the necessary staffing levels.  <\/p><p> <\/p>\t\t\t\t\t\t\t\t<\/div>\n\t\t\t\t<\/div>\n\t\t\t\t\t<\/div>\n\t\t<\/div>\n\t\t\t\t\t<\/div>\n\t\t<\/section>\n\t\t\t\t<section class=\"elementor-section elementor-top-section elementor-element elementor-element-318d573 elementor-section-content-middle elementor-section-boxed elementor-section-height-default elementor-section-height-default\" data-id=\"318d573\" data-element_type=\"section\" data-e-type=\"section\">\n\t\t\t\t\t\t<div class=\"elementor-container elementor-column-gap-default\">\n\t\t\t\t\t<div class=\"elementor-column elementor-col-33 elementor-top-column elementor-element elementor-element-8f211fc\" data-id=\"8f211fc\" data-element_type=\"column\" data-e-type=\"column\">\n\t\t\t<div class=\"elementor-widget-wrap elementor-element-populated\">\n\t\t\t\t\t\t<div class=\"elementor-element elementor-element-f71acc2 elementor-widget elementor-widget-text-editor\" data-id=\"f71acc2\" data-element_type=\"widget\" data-e-type=\"widget\" data-widget_type=\"text-editor.default\">\n\t\t\t\t<div class=\"elementor-widget-container\">\n\t\t\t\t\t\t\t\t\t<p>It took some time for the orange filter to disappear from the retinas of our project manager  team.<\/p>\t\t\t\t\t\t\t\t<\/div>\n\t\t\t\t<\/div>\n\t\t\t\t\t<\/div>\n\t\t<\/div>\n\t\t\t\t<div class=\"elementor-column elementor-col-66 elementor-top-column elementor-element elementor-element-14309b0\" data-id=\"14309b0\" data-element_type=\"column\" data-e-type=\"column\">\n\t\t\t<div class=\"elementor-widget-wrap elementor-element-populated\">\n\t\t\t\t\t\t<div class=\"elementor-element elementor-element-6e5aab2 elementor-widget elementor-widget-image\" data-id=\"6e5aab2\" data-element_type=\"widget\" data-e-type=\"widget\" data-widget_type=\"image.default\">\n\t\t\t\t<div class=\"elementor-widget-container\">\n\t\t\t\t\t\t\t\t\t\t\t\t\t\t\t<img decoding=\"async\" width=\"2560\" height=\"1706\" src=\"https:\/\/www.pat-patachon.de\/wp-content\/uploads\/2022\/09\/bsr3-scaled.jpg\" class=\"attachment-full size-full wp-image-6642\" alt=\"Several silver Volkswagen Polos with striking orange vehicle wrapping and a stylized city silhouette are parked in an underground garage. The reflective windows mirror the ceiling lighting.\" srcset=\"https:\/\/www.pat-patachon.de\/wp-content\/uploads\/2022\/09\/bsr3-scaled.jpg 2560w, https:\/\/www.pat-patachon.de\/wp-content\/uploads\/2022\/09\/bsr3-300x200.jpg 300w, https:\/\/www.pat-patachon.de\/wp-content\/uploads\/2022\/09\/bsr3-1024x683.jpg 1024w, https:\/\/www.pat-patachon.de\/wp-content\/uploads\/2022\/09\/bsr3-768x512.jpg 768w, https:\/\/www.pat-patachon.de\/wp-content\/uploads\/2022\/09\/bsr3-1536x1024.jpg 1536w, https:\/\/www.pat-patachon.de\/wp-content\/uploads\/2022\/09\/bsr3-2048x1365.jpg 2048w\" sizes=\"(max-width: 2560px) 100vw, 2560px\" \/>\t\t\t\t\t\t\t\t\t\t\t\t\t\t\t<\/div>\n\t\t\t\t<\/div>\n\t\t\t\t\t<\/div>\n\t\t<\/div>\n\t\t\t\t\t<\/div>\n\t\t<\/section>\n\t\t\t\t<\/div>\n\t\t","protected":false},"excerpt":{"rendered":"<p>CITY CLEANING MEGALOMANIA, that brings us joy. Berlin City Cleaning Shown here is a part of the Berlin City Cleaning&#8217;s vehicle fleet. Our fleet branding project management is responsible for the entire fleet &nbsp;with a strong 550 vehicles.&nbsp; Overview of services provided: Production of the print foil (material selection based on purpose and duration of [&hellip;]<\/p>\n","protected":false},"author":2,"featured_media":0,"parent":7158,"menu_order":0,"comment_status":"closed","ping_status":"closed","template":"","meta":{"_acf_changed":false,"footnotes":""},"class_list":["post-7137","page","type-page","status-publish","hentry"],"acf":[],"_links":{"self":[{"href":"https:\/\/www.pat-patachon.de\/en\/wp-json\/wp\/v2\/pages\/7137","targetHints":{"allow":["GET"]}}],"collection":[{"href":"https:\/\/www.pat-patachon.de\/en\/wp-json\/wp\/v2\/pages"}],"about":[{"href":"https:\/\/www.pat-patachon.de\/en\/wp-json\/wp\/v2\/types\/page"}],"author":[{"embeddable":true,"href":"https:\/\/www.pat-patachon.de\/en\/wp-json\/wp\/v2\/users\/2"}],"replies":[{"embeddable":true,"href":"https:\/\/www.pat-patachon.de\/en\/wp-json\/wp\/v2\/comments?post=7137"}],"version-history":[{"count":1,"href":"https:\/\/www.pat-patachon.de\/en\/wp-json\/wp\/v2\/pages\/7137\/revisions"}],"predecessor-version":[{"id":7139,"href":"https:\/\/www.pat-patachon.de\/en\/wp-json\/wp\/v2\/pages\/7137\/revisions\/7139"}],"up":[{"embeddable":true,"href":"https:\/\/www.pat-patachon.de\/en\/wp-json\/wp\/v2\/pages\/7158"}],"wp:attachment":[{"href":"https:\/\/www.pat-patachon.de\/en\/wp-json\/wp\/v2\/media?parent=7137"}],"curies":[{"name":"wp","href":"https:\/\/api.w.org\/{rel}","templated":true}]}}