{"id":7141,"date":"2022-09-05T08:59:26","date_gmt":"2022-09-05T06:59:26","guid":{"rendered":"https:\/\/www.pat-patachon.de\/stadler-germany-fleet-branding\/"},"modified":"2025-10-28T13:10:52","modified_gmt":"2025-10-28T12:10:52","slug":"stadler-germany-fleet-branding","status":"publish","type":"page","link":"https:\/\/www.pat-patachon.de\/en\/references\/stadler-germany-fleet-branding\/","title":{"rendered":"Stadler Germany Fleet Branding"},"content":{"rendered":"\t\t<div data-elementor-type=\"wp-page\" data-elementor-id=\"7141\" class=\"elementor elementor-7141 elementor-1383\" data-elementor-post-type=\"page\">\n\t\t\t\t\t\t<section class=\"elementor-section elementor-top-section elementor-element elementor-element-5465dabb elementor-section-full_width elementor-section-height-min-height elementor-section-items-bottom elementor-section-content-bottom elementor-section-height-default\" data-id=\"5465dabb\" data-element_type=\"section\" data-e-type=\"section\" data-settings=\"{&quot;background_background&quot;:&quot;classic&quot;}\">\n\t\t\t\t\t\t\t<div class=\"elementor-background-overlay\"><\/div>\n\t\t\t\t\t\t\t<div class=\"elementor-container elementor-column-gap-no\">\n\t\t\t\t\t<div class=\"elementor-column elementor-col-100 elementor-top-column elementor-element elementor-element-29d1c3d1\" data-id=\"29d1c3d1\" data-element_type=\"column\" data-e-type=\"column\">\n\t\t\t<div class=\"elementor-widget-wrap elementor-element-populated\">\n\t\t\t\t\t\t<div class=\"elementor-element elementor-element-27ac2026 elementor-widget elementor-widget-heading\" data-id=\"27ac2026\" data-element_type=\"widget\" data-e-type=\"widget\" data-widget_type=\"heading.default\">\n\t\t\t\t<div class=\"elementor-widget-container\">\n\t\t\t\t\t<h2 class=\"elementor-heading-title elementor-size-default\">STADLER<\/h2>\t\t\t\t<\/div>\n\t\t\t\t<\/div>\n\t\t\t\t\t<\/div>\n\t\t<\/div>\n\t\t\t\t\t<\/div>\n\t\t<\/section>\n\t\t\t\t<section class=\"elementor-section elementor-top-section elementor-element elementor-element-62a0f4cf elementor-section-boxed elementor-section-height-default elementor-section-height-default\" data-id=\"62a0f4cf\" data-element_type=\"section\" data-e-type=\"section\">\n\t\t\t\t\t\t<div class=\"elementor-container elementor-column-gap-default\">\n\t\t\t\t\t<div class=\"elementor-column elementor-col-100 elementor-top-column elementor-element elementor-element-2c8f25c1\" data-id=\"2c8f25c1\" data-element_type=\"column\" data-e-type=\"column\">\n\t\t\t<div class=\"elementor-widget-wrap elementor-element-populated\">\n\t\t\t\t\t\t<div class=\"elementor-element elementor-element-6e8105cd elementor-widget elementor-widget-heading\" data-id=\"6e8105cd\" data-element_type=\"widget\" data-e-type=\"widget\" data-widget_type=\"heading.default\">\n\t\t\t\t<div class=\"elementor-widget-container\">\n\t\t\t\t\t<h1 class=\"elementor-heading-title elementor-size-default\">Simple and<br>precisely fitted foil prints.<\/h1>\t\t\t\t<\/div>\n\t\t\t\t<\/div>\n\t\t\t\t\t<\/div>\n\t\t<\/div>\n\t\t\t\t\t<\/div>\n\t\t<\/section>\n\t\t\t\t<section class=\"elementor-section elementor-top-section elementor-element elementor-element-2cb7a9a elementor-section-content-middle elementor-section-boxed elementor-section-height-default elementor-section-height-default\" data-id=\"2cb7a9a\" data-element_type=\"section\" data-e-type=\"section\">\n\t\t\t\t\t\t<div class=\"elementor-container elementor-column-gap-default\">\n\t\t\t\t\t<div class=\"elementor-column elementor-col-33 elementor-top-column elementor-element elementor-element-10cb046\" data-id=\"10cb046\" data-element_type=\"column\" data-e-type=\"column\">\n\t\t\t<div class=\"elementor-widget-wrap elementor-element-populated\">\n\t\t\t\t\t\t<div class=\"elementor-element elementor-element-94b0b09 elementor-widget elementor-widget-heading\" data-id=\"94b0b09\" data-element_type=\"widget\" data-e-type=\"widget\" data-widget_type=\"heading.default\">\n\t\t\t\t<div class=\"elementor-widget-container\">\n\t\t\t\t\t<h2 class=\"elementor-heading-title elementor-size-default\">STADLER Germany<\/h2>\t\t\t\t<\/div>\n\t\t\t\t<\/div>\n\t\t\t\t<div class=\"elementor-element elementor-element-47a8d16 elementor-widget elementor-widget-text-editor\" data-id=\"47a8d16\" data-element_type=\"widget\" data-e-type=\"widget\" data-widget_type=\"text-editor.default\">\n\t\t\t\t<div class=\"elementor-widget-container\">\n\t\t\t\t\t\t\t\t\t<div>Our ALL-ROUND customer Stadler is also on the road with our high-performance foil.<\/div>\n<div>&nbsp;<\/div>\n<p>Simple and precisely fitted foil prints adorn the vehicles of the STADLER fleet.&nbsp; <\/p>\t\t\t\t\t\t\t\t<\/div>\n\t\t\t\t<\/div>\n\t\t\t\t\t<\/div>\n\t\t<\/div>\n\t\t\t\t<div class=\"elementor-column elementor-col-66 elementor-top-column elementor-element elementor-element-c888206\" data-id=\"c888206\" data-element_type=\"column\" data-e-type=\"column\">\n\t\t\t<div class=\"elementor-widget-wrap elementor-element-populated\">\n\t\t\t\t\t\t<div class=\"elementor-element elementor-element-79eeacd elementor-widget elementor-widget-image\" data-id=\"79eeacd\" data-element_type=\"widget\" data-e-type=\"widget\" data-widget_type=\"image.default\">\n\t\t\t\t<div class=\"elementor-widget-container\">\n\t\t\t\t\t\t\t\t\t\t\t\t\t\t\t<img fetchpriority=\"high\" decoding=\"async\" width=\"2560\" height=\"1707\" src=\"https:\/\/www.pat-patachon.de\/wp-content\/uploads\/2022\/09\/DSC06622-scaled.jpg\" class=\"attachment-full size-full wp-image-6643\" alt=\"ChatGPT:Nahaufnahme eines Schildes mit der Aufschrift \u201eP Fuhrpark\u201c und einer stilisierten Fahrzeuggrafik. Es ist an einem Metallpfosten befestigt. Im Hintergrund befinden sich junge B\u00e4ume, Baucontainer und ein modernes Geb\u00e4ude mit Baukr\u00e4nen unter blauem Himmel.\" srcset=\"https:\/\/www.pat-patachon.de\/wp-content\/uploads\/2022\/09\/DSC06622-scaled.jpg 2560w, https:\/\/www.pat-patachon.de\/wp-content\/uploads\/2022\/09\/DSC06622-300x200.jpg 300w, https:\/\/www.pat-patachon.de\/wp-content\/uploads\/2022\/09\/DSC06622-1024x683.jpg 1024w, https:\/\/www.pat-patachon.de\/wp-content\/uploads\/2022\/09\/DSC06622-768x512.jpg 768w, https:\/\/www.pat-patachon.de\/wp-content\/uploads\/2022\/09\/DSC06622-1536x1024.jpg 1536w, https:\/\/www.pat-patachon.de\/wp-content\/uploads\/2022\/09\/DSC06622-2048x1366.jpg 2048w\" sizes=\"(max-width: 2560px) 100vw, 2560px\" \/>\t\t\t\t\t\t\t\t\t\t\t\t\t\t\t<\/div>\n\t\t\t\t<\/div>\n\t\t\t\t\t<\/div>\n\t\t<\/div>\n\t\t\t\t\t<\/div>\n\t\t<\/section>\n\t\t\t\t<section class=\"elementor-section elementor-top-section elementor-element elementor-element-95c9d3f elementor-section-boxed elementor-section-height-default elementor-section-height-default\" data-id=\"95c9d3f\" data-element_type=\"section\" data-e-type=\"section\">\n\t\t\t\t\t\t<div class=\"elementor-container elementor-column-gap-default\">\n\t\t\t\t\t<div class=\"elementor-column elementor-col-50 elementor-top-column elementor-element elementor-element-87a5606\" data-id=\"87a5606\" data-element_type=\"column\" data-e-type=\"column\">\n\t\t\t<div class=\"elementor-widget-wrap elementor-element-populated\">\n\t\t\t\t\t\t<div class=\"elementor-element elementor-element-899dfa7 elementor-widget elementor-widget-image\" data-id=\"899dfa7\" data-element_type=\"widget\" data-e-type=\"widget\" data-widget_type=\"image.default\">\n\t\t\t\t<div class=\"elementor-widget-container\">\n\t\t\t\t\t\t\t\t\t\t\t\t\t\t\t<img decoding=\"async\" width=\"2560\" height=\"1707\" src=\"https:\/\/www.pat-patachon.de\/wp-content\/uploads\/2022\/09\/DSC06610-scaled.jpg\" class=\"attachment-full size-full wp-image-6644\" alt=\"White VW vehicles with Stadler branding in blue lettering in a company parking lot. In the background, modern office buildings with large windows, a lamppost, and young trees. Clear shadows indicate sunny weather.\" srcset=\"https:\/\/www.pat-patachon.de\/wp-content\/uploads\/2022\/09\/DSC06610-scaled.jpg 2560w, https:\/\/www.pat-patachon.de\/wp-content\/uploads\/2022\/09\/DSC06610-300x200.jpg 300w, https:\/\/www.pat-patachon.de\/wp-content\/uploads\/2022\/09\/DSC06610-1024x683.jpg 1024w, https:\/\/www.pat-patachon.de\/wp-content\/uploads\/2022\/09\/DSC06610-768x512.jpg 768w, https:\/\/www.pat-patachon.de\/wp-content\/uploads\/2022\/09\/DSC06610-1536x1024.jpg 1536w, https:\/\/www.pat-patachon.de\/wp-content\/uploads\/2022\/09\/DSC06610-2048x1366.jpg 2048w\" sizes=\"(max-width: 2560px) 100vw, 2560px\" \/>\t\t\t\t\t\t\t\t\t\t\t\t\t\t\t<\/div>\n\t\t\t\t<\/div>\n\t\t\t\t\t<\/div>\n\t\t<\/div>\n\t\t\t\t<div class=\"elementor-column elementor-col-50 elementor-top-column elementor-element elementor-element-30ec08b\" data-id=\"30ec08b\" data-element_type=\"column\" data-e-type=\"column\">\n\t\t\t<div class=\"elementor-widget-wrap elementor-element-populated\">\n\t\t\t\t\t\t<div class=\"elementor-element elementor-element-f6d8f1c elementor-widget elementor-widget-image\" data-id=\"f6d8f1c\" data-element_type=\"widget\" data-e-type=\"widget\" data-widget_type=\"image.default\">\n\t\t\t\t<div class=\"elementor-widget-container\">\n\t\t\t\t\t\t\t\t\t\t\t\t\t\t\t<img decoding=\"async\" width=\"2560\" height=\"1707\" src=\"https:\/\/www.pat-patachon.de\/wp-content\/uploads\/2022\/09\/DSC06639-scaled.jpg\" class=\"attachment-full size-full wp-image-6645\" alt=\"R\u00fcckansicht eines wei\u00dfen VW Golf mit Stadler-Branding in blauer Schrift. Im Hintergrund eine unscharfe Wegweiser-Tafel mit Geb\u00e4udehinweisen. Das Fahrzeug tr\u00e4gt ein dezentes P&amp;P Logo in der unteren Ecke.\" srcset=\"https:\/\/www.pat-patachon.de\/wp-content\/uploads\/2022\/09\/DSC06639-scaled.jpg 2560w, https:\/\/www.pat-patachon.de\/wp-content\/uploads\/2022\/09\/DSC06639-300x200.jpg 300w, https:\/\/www.pat-patachon.de\/wp-content\/uploads\/2022\/09\/DSC06639-1024x683.jpg 1024w, https:\/\/www.pat-patachon.de\/wp-content\/uploads\/2022\/09\/DSC06639-768x512.jpg 768w, https:\/\/www.pat-patachon.de\/wp-content\/uploads\/2022\/09\/DSC06639-1536x1024.jpg 1536w, https:\/\/www.pat-patachon.de\/wp-content\/uploads\/2022\/09\/DSC06639-2048x1366.jpg 2048w\" sizes=\"(max-width: 2560px) 100vw, 2560px\" \/>\t\t\t\t\t\t\t\t\t\t\t\t\t\t\t<\/div>\n\t\t\t\t<\/div>\n\t\t\t\t\t<\/div>\n\t\t<\/div>\n\t\t\t\t\t<\/div>\n\t\t<\/section>\n\t\t\t\t<section class=\"elementor-section elementor-top-section elementor-element elementor-element-2ba25736 elementor-section-boxed elementor-section-height-default elementor-section-height-default\" data-id=\"2ba25736\" data-element_type=\"section\" data-e-type=\"section\" data-settings=\"{&quot;background_background&quot;:&quot;classic&quot;}\">\n\t\t\t\t\t\t<div class=\"elementor-container elementor-column-gap-default\">\n\t\t\t\t\t<div class=\"elementor-column elementor-col-50 elementor-top-column elementor-element elementor-element-6231969b\" data-id=\"6231969b\" data-element_type=\"column\" data-e-type=\"column\">\n\t\t\t<div class=\"elementor-widget-wrap elementor-element-populated\">\n\t\t\t\t\t\t<div class=\"elementor-element elementor-element-72edd92f elementor-widget elementor-widget-heading\" data-id=\"72edd92f\" data-element_type=\"widget\" data-e-type=\"widget\" data-widget_type=\"heading.default\">\n\t\t\t\t<div class=\"elementor-widget-container\">\n\t\t\t\t\t<h2 class=\"elementor-heading-title elementor-size-default\">ABOUT US<\/h2>\t\t\t\t<\/div>\n\t\t\t\t<\/div>\n\t\t\t\t<div class=\"elementor-element elementor-element-45b5e74c elementor-widget elementor-widget-text-editor\" data-id=\"45b5e74c\" data-element_type=\"widget\" data-e-type=\"widget\" data-widget_type=\"text-editor.default\">\n\t\t\t\t<div class=\"elementor-widget-container\">\n\t\t\t\t\t\t\t\t\t<p><strong>Pat  Patachon brings together what belongs together.<\/strong><\/p>\t\t\t\t\t\t\t\t<\/div>\n\t\t\t\t<\/div>\n\t\t\t\t<div class=\"elementor-element elementor-element-d2cd774 elementor-align-left elementor-widget elementor-widget-button\" data-id=\"d2cd774\" data-element_type=\"widget\" data-e-type=\"widget\" data-widget_type=\"button.default\">\n\t\t\t\t<div class=\"elementor-widget-container\">\n\t\t\t\t\t\t\t\t\t<div class=\"elementor-button-wrapper\">\n\t\t\t\t\t<a class=\"elementor-button elementor-button-link elementor-size-sm\" href=\"https:\/\/www.pat-patachon.de\/en\/about-us\/\">\n\t\t\t\t\t\t<span class=\"elementor-button-content-wrapper\">\n\t\t\t\t\t\t<span class=\"elementor-button-icon\">\n\t\t\t\t<i aria-hidden=\"true\" class=\"fas fa-chevron-left\"><\/i>\t\t\t<\/span>\n\t\t\t\t\t\t\t\t<\/span>\n\t\t\t\t\t<\/a>\n\t\t\t\t<\/div>\n\t\t\t\t\t\t\t\t<\/div>\n\t\t\t\t<\/div>\n\t\t\t\t\t<\/div>\n\t\t<\/div>\n\t\t\t\t<div class=\"elementor-column elementor-col-50 elementor-top-column elementor-element elementor-element-30396965\" data-id=\"30396965\" data-element_type=\"column\" data-e-type=\"column\">\n\t\t\t<div class=\"elementor-widget-wrap elementor-element-populated\">\n\t\t\t\t\t\t<div class=\"elementor-element elementor-element-c9da2f7 elementor-widget elementor-widget-heading\" data-id=\"c9da2f7\" data-element_type=\"widget\" data-e-type=\"widget\" data-widget_type=\"heading.default\">\n\t\t\t\t<div class=\"elementor-widget-container\">\n\t\t\t\t\t<h2 class=\"elementor-heading-title elementor-size-default\">CAREERS<\/h2>\t\t\t\t<\/div>\n\t\t\t\t<\/div>\n\t\t\t\t<div class=\"elementor-element elementor-element-4ee60edf elementor-widget elementor-widget-text-editor\" data-id=\"4ee60edf\" data-element_type=\"widget\" data-e-type=\"widget\" data-widget_type=\"text-editor.default\">\n\t\t\t\t<div class=\"elementor-widget-container\">\n\t\t\t\t\t\t\t\t\t<p style=\"text-align: left;\"><strong>Interested in working for us?<\/strong><\/p>\t\t\t\t\t\t\t\t<\/div>\n\t\t\t\t<\/div>\n\t\t\t\t<div class=\"elementor-element elementor-element-62ad892 elementor-align-right elementor-widget elementor-widget-button\" data-id=\"62ad892\" data-element_type=\"widget\" data-e-type=\"widget\" data-widget_type=\"button.default\">\n\t\t\t\t<div class=\"elementor-widget-container\">\n\t\t\t\t\t\t\t\t\t<div class=\"elementor-button-wrapper\">\n\t\t\t\t\t<a class=\"elementor-button elementor-button-link elementor-size-sm\" href=\"https:\/\/www.pat-patachon.de\/en\/careers\/\">\n\t\t\t\t\t\t<span class=\"elementor-button-content-wrapper\">\n\t\t\t\t\t\t<span class=\"elementor-button-icon\">\n\t\t\t\t<i aria-hidden=\"true\" class=\"fas fa-chevron-right\"><\/i>\t\t\t<\/span>\n\t\t\t\t\t\t\t\t<\/span>\n\t\t\t\t\t<\/a>\n\t\t\t\t<\/div>\n\t\t\t\t\t\t\t\t<\/div>\n\t\t\t\t<\/div>\n\t\t\t\t\t<\/div>\n\t\t<\/div>\n\t\t\t\t\t<\/div>\n\t\t<\/section>\n\t\t\t\t<\/div>\n\t\t","protected":false},"excerpt":{"rendered":"<p>STADLER Simple andprecisely fitted foil prints. STADLER Germany Our ALL-ROUND customer Stadler is also on the road with our high-performance foil. &nbsp; Simple and precisely fitted foil prints adorn the vehicles of the STADLER fleet.&nbsp; ABOUT US Pat Patachon brings together what belongs together. CAREERS Interested in working for us?<\/p>\n","protected":false},"author":2,"featured_media":0,"parent":7158,"menu_order":0,"comment_status":"closed","ping_status":"closed","template":"","meta":{"_acf_changed":false,"footnotes":""},"class_list":["post-7141","page","type-page","status-publish","hentry"],"acf":[],"_links":{"self":[{"href":"https:\/\/www.pat-patachon.de\/en\/wp-json\/wp\/v2\/pages\/7141","targetHints":{"allow":["GET"]}}],"collection":[{"href":"https:\/\/www.pat-patachon.de\/en\/wp-json\/wp\/v2\/pages"}],"about":[{"href":"https:\/\/www.pat-patachon.de\/en\/wp-json\/wp\/v2\/types\/page"}],"author":[{"embeddable":true,"href":"https:\/\/www.pat-patachon.de\/en\/wp-json\/wp\/v2\/users\/2"}],"replies":[{"embeddable":true,"href":"https:\/\/www.pat-patachon.de\/en\/wp-json\/wp\/v2\/comments?post=7141"}],"version-history":[{"count":2,"href":"https:\/\/www.pat-patachon.de\/en\/wp-json\/wp\/v2\/pages\/7141\/revisions"}],"predecessor-version":[{"id":8324,"href":"https:\/\/www.pat-patachon.de\/en\/wp-json\/wp\/v2\/pages\/7141\/revisions\/8324"}],"up":[{"embeddable":true,"href":"https:\/\/www.pat-patachon.de\/en\/wp-json\/wp\/v2\/pages\/7158"}],"wp:attachment":[{"href":"https:\/\/www.pat-patachon.de\/en\/wp-json\/wp\/v2\/media?parent=7141"}],"curies":[{"name":"wp","href":"https:\/\/api.w.org\/{rel}","templated":true}]}}