{"id":7143,"date":"2022-09-05T09:04:39","date_gmt":"2022-09-05T07:04:39","guid":{"rendered":"https:\/\/www.pat-patachon.de\/belfor\/"},"modified":"2025-10-28T13:02:50","modified_gmt":"2025-10-28T12:02:50","slug":"belfor","status":"publish","type":"page","link":"https:\/\/www.pat-patachon.de\/en\/references\/belfor\/","title":{"rendered":"Belfor"},"content":{"rendered":"\t\t<div data-elementor-type=\"wp-page\" data-elementor-id=\"7143\" class=\"elementor elementor-7143 elementor-1394\" data-elementor-post-type=\"page\">\n\t\t\t\t\t\t<section class=\"elementor-section elementor-top-section elementor-element elementor-element-5465dabb elementor-section-full_width elementor-section-height-min-height elementor-section-items-bottom elementor-section-content-bottom elementor-section-height-default\" data-id=\"5465dabb\" data-element_type=\"section\" data-e-type=\"section\" data-settings=\"{&quot;background_background&quot;:&quot;classic&quot;}\">\n\t\t\t\t\t\t\t<div class=\"elementor-background-overlay\"><\/div>\n\t\t\t\t\t\t\t<div class=\"elementor-container elementor-column-gap-no\">\n\t\t\t\t\t<div class=\"elementor-column elementor-col-100 elementor-top-column elementor-element elementor-element-29d1c3d1\" data-id=\"29d1c3d1\" data-element_type=\"column\" data-e-type=\"column\">\n\t\t\t<div class=\"elementor-widget-wrap elementor-element-populated\">\n\t\t\t\t\t\t<div class=\"elementor-element elementor-element-27ac2026 elementor-widget elementor-widget-heading\" data-id=\"27ac2026\" data-element_type=\"widget\" data-e-type=\"widget\" data-widget_type=\"heading.default\">\n\t\t\t\t<div class=\"elementor-widget-container\">\n\t\t\t\t\t<h1 class=\"elementor-heading-title elementor-size-default\">BELFOR<\/h1>\t\t\t\t<\/div>\n\t\t\t\t<\/div>\n\t\t\t\t\t<\/div>\n\t\t<\/div>\n\t\t\t\t\t<\/div>\n\t\t<\/section>\n\t\t\t\t<section class=\"elementor-section elementor-top-section elementor-element elementor-element-62a0f4cf elementor-section-boxed elementor-section-height-default elementor-section-height-default\" data-id=\"62a0f4cf\" data-element_type=\"section\" data-e-type=\"section\">\n\t\t\t\t\t\t<div class=\"elementor-container elementor-column-gap-default\">\n\t\t\t\t\t<div class=\"elementor-column elementor-col-100 elementor-top-column elementor-element elementor-element-2c8f25c1\" data-id=\"2c8f25c1\" data-element_type=\"column\" data-e-type=\"column\">\n\t\t\t<div class=\"elementor-widget-wrap elementor-element-populated\">\n\t\t\t\t\t\t<div class=\"elementor-element elementor-element-6e8105cd elementor-widget elementor-widget-heading\" data-id=\"6e8105cd\" data-element_type=\"widget\" data-e-type=\"widget\" data-widget_type=\"heading.default\">\n\t\t\t\t<div class=\"elementor-widget-container\">\n\t\t\t\t\t<h2 class=\"elementor-heading-title elementor-size-default\">Minimize business interruptions, <br>when they occur!<\/h2>\t\t\t\t<\/div>\n\t\t\t\t<\/div>\n\t\t\t\t\t<\/div>\n\t\t<\/div>\n\t\t\t\t\t<\/div>\n\t\t<\/section>\n\t\t\t\t<section class=\"elementor-section elementor-top-section elementor-element elementor-element-2cb7a9a elementor-section-content-middle elementor-section-boxed elementor-section-height-default elementor-section-height-default\" data-id=\"2cb7a9a\" data-element_type=\"section\" data-e-type=\"section\">\n\t\t\t\t\t\t<div class=\"elementor-container elementor-column-gap-default\">\n\t\t\t\t\t<div class=\"elementor-column elementor-col-33 elementor-top-column elementor-element elementor-element-10cb046\" data-id=\"10cb046\" data-element_type=\"column\" data-e-type=\"column\">\n\t\t\t<div class=\"elementor-widget-wrap elementor-element-populated\">\n\t\t\t\t\t\t<div class=\"elementor-element elementor-element-94b0b09 elementor-widget elementor-widget-heading\" data-id=\"94b0b09\" data-element_type=\"widget\" data-e-type=\"widget\" data-widget_type=\"heading.default\">\n\t\t\t\t<div class=\"elementor-widget-container\">\n\t\t\t\t\t<h2 class=\"elementor-heading-title elementor-size-default\">BELFOR<\/h2>\t\t\t\t<\/div>\n\t\t\t\t<\/div>\n\t\t\t\t<div class=\"elementor-element elementor-element-47a8d16 elementor-widget elementor-widget-text-editor\" data-id=\"47a8d16\" data-element_type=\"widget\" data-e-type=\"widget\" data-widget_type=\"text-editor.default\">\n\t\t\t\t<div class=\"elementor-widget-container\">\n\t\t\t\t\t\t\t\t\t<p>Here you can see our forward-looking repair tool os-car in full action \u2013 for our fleet branding customer Belfor.<\/p>\t\t\t\t\t\t\t\t<\/div>\n\t\t\t\t<\/div>\n\t\t\t\t\t<\/div>\n\t\t<\/div>\n\t\t\t\t<div class=\"elementor-column elementor-col-66 elementor-top-column elementor-element elementor-element-c888206\" data-id=\"c888206\" data-element_type=\"column\" data-e-type=\"column\">\n\t\t\t<div class=\"elementor-widget-wrap elementor-element-populated\">\n\t\t\t\t\t\t<div class=\"elementor-element elementor-element-2bf6eea elementor-widget elementor-widget-image\" data-id=\"2bf6eea\" data-element_type=\"widget\" data-e-type=\"widget\" data-widget_type=\"image.default\">\n\t\t\t\t<div class=\"elementor-widget-container\">\n\t\t\t\t\t\t\t\t\t\t\t\t\t\t\t<img fetchpriority=\"high\" decoding=\"async\" width=\"2465\" height=\"2523\" src=\"https:\/\/www.pat-patachon.de\/wp-content\/uploads\/2023\/02\/belfor_anmelden-1.jpg\" class=\"attachment-full size-full wp-image-6761\" alt=\"Ein iMac mit ge\u00f6ffneter os-car Software zeigt eine Benutzeroberfl\u00e4che mit Bestell\u00fcbersicht f\u00fcr Fahrzeugreparaturen. Links das os-car Logo, rechts das BELFOR-Logo. Auftr\u00e4ge mit Bildern von Fahrzeugen, Preisen und Statusanzeigen. Download-Option f\u00fcr PDFs sichtbar.\" srcset=\"https:\/\/www.pat-patachon.de\/wp-content\/uploads\/2023\/02\/belfor_anmelden-1.jpg 2465w, https:\/\/www.pat-patachon.de\/wp-content\/uploads\/2023\/02\/belfor_anmelden-1-293x300.jpg 293w, https:\/\/www.pat-patachon.de\/wp-content\/uploads\/2023\/02\/belfor_anmelden-1-1000x1024.jpg 1000w, https:\/\/www.pat-patachon.de\/wp-content\/uploads\/2023\/02\/belfor_anmelden-1-768x786.jpg 768w, https:\/\/www.pat-patachon.de\/wp-content\/uploads\/2023\/02\/belfor_anmelden-1-1501x1536.jpg 1501w, https:\/\/www.pat-patachon.de\/wp-content\/uploads\/2023\/02\/belfor_anmelden-1-2001x2048.jpg 2001w\" sizes=\"(max-width: 2465px) 100vw, 2465px\" \/>\t\t\t\t\t\t\t\t\t\t\t\t\t\t\t<\/div>\n\t\t\t\t<\/div>\n\t\t\t\t\t<\/div>\n\t\t<\/div>\n\t\t\t\t\t<\/div>\n\t\t<\/section>\n\t\t\t\t<section class=\"elementor-section elementor-top-section elementor-element elementor-element-a13e741 elementor-section-content-middle elementor-section-boxed elementor-section-height-default elementor-section-height-default\" data-id=\"a13e741\" data-element_type=\"section\" data-e-type=\"section\">\n\t\t\t\t\t\t<div class=\"elementor-container elementor-column-gap-default\">\n\t\t\t\t\t<div class=\"elementor-column elementor-col-33 elementor-top-column elementor-element elementor-element-35268d6\" data-id=\"35268d6\" data-element_type=\"column\" data-e-type=\"column\">\n\t\t\t<div class=\"elementor-widget-wrap elementor-element-populated\">\n\t\t\t\t\t\t<div class=\"elementor-element elementor-element-b8c77eb elementor-widget elementor-widget-image\" data-id=\"b8c77eb\" data-element_type=\"widget\" data-e-type=\"widget\" data-widget_type=\"image.default\">\n\t\t\t\t<div class=\"elementor-widget-container\">\n\t\t\t\t\t\t\t\t\t\t\t\t\t\t\t<img decoding=\"async\" width=\"640\" height=\"400\" src=\"https:\/\/www.pat-patachon.de\/wp-content\/uploads\/2022\/09\/Ford_Transit-Connect-L2-Heckklappe.jpg\" class=\"attachment-large size-large wp-image-6649\" alt=\"Fahrzeugdesign f\u00fcr BELFOR auf einem Ford Transit Connect L2 mit Heckklappe. Die Beklebung zeigt das BELFOR-Logo, rote und wei\u00dfe diagonale Streifen sowie eine Notrufnummer und die Website. Das Design ist auf beiden Fahrzeugseiten, der Front und dem Heck platziert.\" srcset=\"https:\/\/www.pat-patachon.de\/wp-content\/uploads\/2022\/09\/Ford_Transit-Connect-L2-Heckklappe.jpg 680w, https:\/\/www.pat-patachon.de\/wp-content\/uploads\/2022\/09\/Ford_Transit-Connect-L2-Heckklappe-300x188.jpg 300w\" sizes=\"(max-width: 640px) 100vw, 640px\" \/>\t\t\t\t\t\t\t\t\t\t\t\t\t\t\t<\/div>\n\t\t\t\t<\/div>\n\t\t\t\t<div class=\"elementor-element elementor-element-ad09ea5 elementor-widget elementor-widget-image\" data-id=\"ad09ea5\" data-element_type=\"widget\" data-e-type=\"widget\" data-widget_type=\"image.default\">\n\t\t\t\t<div class=\"elementor-widget-container\">\n\t\t\t\t\t\t\t\t\t\t\t\t\t\t\t<img decoding=\"async\" width=\"640\" height=\"386\" src=\"https:\/\/www.pat-patachon.de\/wp-content\/uploads\/2022\/09\/VW_Caddy-Flugeltueren.jpg\" class=\"attachment-large size-large wp-image-6652\" alt=\"Fahrzeugbeklebung f\u00fcr BELFOR auf einem VW Caddy mit Fl\u00fcgelt\u00fcren. Das Design kombiniert das Firmenlogo, eine rote und wei\u00dfe Farbgestaltung mit schr\u00e4gen Streifen sowie die 24-Stunden-Notrufnummer f\u00fcr schnelle Erreichbarkeit.\" srcset=\"https:\/\/www.pat-patachon.de\/wp-content\/uploads\/2022\/09\/VW_Caddy-Flugeltueren.jpg 690w, https:\/\/www.pat-patachon.de\/wp-content\/uploads\/2022\/09\/VW_Caddy-Flugeltueren-300x181.jpg 300w\" sizes=\"(max-width: 640px) 100vw, 640px\" \/>\t\t\t\t\t\t\t\t\t\t\t\t\t\t\t<\/div>\n\t\t\t\t<\/div>\n\t\t\t\t\t<\/div>\n\t\t<\/div>\n\t\t\t\t<div class=\"elementor-column elementor-col-33 elementor-top-column elementor-element elementor-element-9ed044e\" data-id=\"9ed044e\" data-element_type=\"column\" data-e-type=\"column\">\n\t\t\t<div class=\"elementor-widget-wrap elementor-element-populated\">\n\t\t\t\t\t\t<div class=\"elementor-element elementor-element-4a86d78 elementor-widget elementor-widget-image\" data-id=\"4a86d78\" data-element_type=\"widget\" data-e-type=\"widget\" data-widget_type=\"image.default\">\n\t\t\t\t<div class=\"elementor-widget-container\">\n\t\t\t\t\t\t\t\t\t\t\t\t\t\t\t<img loading=\"lazy\" decoding=\"async\" width=\"598\" height=\"416\" src=\"https:\/\/www.pat-patachon.de\/wp-content\/uploads\/2022\/09\/Opel_Movano-Koffer-L4H1.jpg\" class=\"attachment-large size-large wp-image-6651\" alt=\"Fahrzeugbeklebung f\u00fcr BELFOR auf einem Opel Movano Koffer L4H1. Das Design enth\u00e4lt das BELFOR-Logo, eine wei\u00dfe Grundfl\u00e4che mit roten und schr\u00e4gen Streifen auf der Kabine sowie dezente Branding-Elemente auf den Seiten und am Heck des Fahrzeugs.\" srcset=\"https:\/\/www.pat-patachon.de\/wp-content\/uploads\/2022\/09\/Opel_Movano-Koffer-L4H1.jpg 598w, https:\/\/www.pat-patachon.de\/wp-content\/uploads\/2022\/09\/Opel_Movano-Koffer-L4H1-300x209.jpg 300w\" sizes=\"(max-width: 598px) 100vw, 598px\" \/>\t\t\t\t\t\t\t\t\t\t\t\t\t\t\t<\/div>\n\t\t\t\t<\/div>\n\t\t\t\t<div class=\"elementor-element elementor-element-a036a7c elementor-widget elementor-widget-image\" data-id=\"a036a7c\" data-element_type=\"widget\" data-e-type=\"widget\" data-widget_type=\"image.default\">\n\t\t\t\t<div class=\"elementor-widget-container\">\n\t\t\t\t\t\t\t\t\t\t\t\t\t\t\t<img loading=\"lazy\" decoding=\"async\" width=\"640\" height=\"372\" src=\"https:\/\/www.pat-patachon.de\/wp-content\/uploads\/2022\/09\/VW_T6-Heckklappe-1024x595.jpg\" class=\"attachment-large size-large wp-image-6653\" alt=\"Fahrzeugdesign f\u00fcr BELFOR, spezialisiert auf Brand- und Wasserschadensanierung. Die Beklebung zeigt das Firmenlogo, eine rote und wei\u00dfe Gestaltung mit Notrufnummer sowie reflektierenden Streifen f\u00fcr bessere Sichtbarkeit.\" srcset=\"https:\/\/www.pat-patachon.de\/wp-content\/uploads\/2022\/09\/VW_T6-Heckklappe-1024x595.jpg 1024w, https:\/\/www.pat-patachon.de\/wp-content\/uploads\/2022\/09\/VW_T6-Heckklappe-300x174.jpg 300w, https:\/\/www.pat-patachon.de\/wp-content\/uploads\/2022\/09\/VW_T6-Heckklappe-768x446.jpg 768w, https:\/\/www.pat-patachon.de\/wp-content\/uploads\/2022\/09\/VW_T6-Heckklappe-1536x892.jpg 1536w, https:\/\/www.pat-patachon.de\/wp-content\/uploads\/2022\/09\/VW_T6-Heckklappe-2048x1190.jpg 2048w\" sizes=\"(max-width: 640px) 100vw, 640px\" \/>\t\t\t\t\t\t\t\t\t\t\t\t\t\t\t<\/div>\n\t\t\t\t<\/div>\n\t\t\t\t\t<\/div>\n\t\t<\/div>\n\t\t\t\t<div class=\"elementor-column elementor-col-33 elementor-top-column elementor-element elementor-element-fc122a8\" data-id=\"fc122a8\" data-element_type=\"column\" data-e-type=\"column\">\n\t\t\t<div class=\"elementor-widget-wrap elementor-element-populated\">\n\t\t\t\t\t\t<div class=\"elementor-element elementor-element-b618ae9 elementor-widget elementor-widget-heading\" data-id=\"b618ae9\" data-element_type=\"widget\" data-e-type=\"widget\" data-widget_type=\"heading.default\">\n\t\t\t\t<div class=\"elementor-widget-container\">\n\t\t\t\t\t<h2 class=\"elementor-heading-title elementor-size-default\">Fleet branding with os-car<\/h2>\t\t\t\t<\/div>\n\t\t\t\t<\/div>\n\t\t\t\t<div class=\"elementor-element elementor-element-ad3832d elementor-widget elementor-widget-text-editor\" data-id=\"ad3832d\" data-element_type=\"widget\" data-e-type=\"widget\" data-widget_type=\"text-editor.default\">\n\t\t\t\t<div class=\"elementor-widget-container\">\n\t\t\t\t\t\t\t\t\t<p>In case of damage, the tool is opened on the computer, the damaged vehicle is selected from the entire fleet, the damage and other relevant information are noted and then sent back to us by email. From there, our comprehensive all-round service begins.<br>At the end of the repair process, EVERYTHING (including photos and documentation of the work carried out) is back in the inbox. <\/p><p>We offer the tool we developed as standard for all our fleet customers \u2013 and this throughout Germany.<\/p><p>And if we cannot be on site ourselves, we manufacture and ship the required foils and materials. The on-site implementation is handled by our highly developed, national partner network. <\/p>\t\t\t\t\t\t\t\t<\/div>\n\t\t\t\t<\/div>\n\t\t\t\t\t<\/div>\n\t\t<\/div>\n\t\t\t\t\t<\/div>\n\t\t<\/section>\n\t\t\t\t<\/div>\n\t\t","protected":false},"excerpt":{"rendered":"<p>BELFOR Minimize business interruptions, when they occur! BELFOR Here you can see our forward-looking repair tool os-car in full action \u2013 for our fleet branding customer Belfor. Fleet branding with os-car In case of damage, the tool is opened on the computer, the damaged vehicle is selected from the entire fleet, the damage and other [&hellip;]<\/p>\n","protected":false},"author":2,"featured_media":0,"parent":7158,"menu_order":0,"comment_status":"closed","ping_status":"closed","template":"","meta":{"_acf_changed":false,"footnotes":""},"class_list":["post-7143","page","type-page","status-publish","hentry"],"acf":[],"_links":{"self":[{"href":"https:\/\/www.pat-patachon.de\/en\/wp-json\/wp\/v2\/pages\/7143","targetHints":{"allow":["GET"]}}],"collection":[{"href":"https:\/\/www.pat-patachon.de\/en\/wp-json\/wp\/v2\/pages"}],"about":[{"href":"https:\/\/www.pat-patachon.de\/en\/wp-json\/wp\/v2\/types\/page"}],"author":[{"embeddable":true,"href":"https:\/\/www.pat-patachon.de\/en\/wp-json\/wp\/v2\/users\/2"}],"replies":[{"embeddable":true,"href":"https:\/\/www.pat-patachon.de\/en\/wp-json\/wp\/v2\/comments?post=7143"}],"version-history":[{"count":1,"href":"https:\/\/www.pat-patachon.de\/en\/wp-json\/wp\/v2\/pages\/7143\/revisions"}],"predecessor-version":[{"id":7144,"href":"https:\/\/www.pat-patachon.de\/en\/wp-json\/wp\/v2\/pages\/7143\/revisions\/7144"}],"up":[{"embeddable":true,"href":"https:\/\/www.pat-patachon.de\/en\/wp-json\/wp\/v2\/pages\/7158"}],"wp:attachment":[{"href":"https:\/\/www.pat-patachon.de\/en\/wp-json\/wp\/v2\/media?parent=7143"}],"curies":[{"name":"wp","href":"https:\/\/api.w.org\/{rel}","templated":true}]}}