{"id":7173,"date":"2022-09-01T11:42:38","date_gmt":"2022-09-01T09:42:38","guid":{"rendered":"https:\/\/www.pat-patachon.de\/kahler-spices-berlin\/"},"modified":"2025-10-28T13:07:11","modified_gmt":"2025-10-28T12:07:11","slug":"kahler-spices-berlin","status":"publish","type":"page","link":"https:\/\/www.pat-patachon.de\/en\/references\/kahler-spices-berlin\/","title":{"rendered":"Kahler Spices Berlin"},"content":{"rendered":"\t\t<div data-elementor-type=\"wp-page\" data-elementor-id=\"7173\" class=\"elementor elementor-7173 elementor-1242\" data-elementor-post-type=\"page\">\n\t\t\t\t\t\t<section class=\"elementor-section elementor-top-section elementor-element elementor-element-5465dabb elementor-section-full_width elementor-section-height-min-height elementor-section-items-bottom elementor-section-content-bottom elementor-section-height-default\" data-id=\"5465dabb\" data-element_type=\"section\" data-e-type=\"section\" data-settings=\"{&quot;background_background&quot;:&quot;classic&quot;}\">\n\t\t\t\t\t\t\t<div class=\"elementor-background-overlay\"><\/div>\n\t\t\t\t\t\t\t<div class=\"elementor-container elementor-column-gap-no\">\n\t\t\t\t\t<div class=\"elementor-column elementor-col-100 elementor-top-column elementor-element elementor-element-29d1c3d1\" data-id=\"29d1c3d1\" data-element_type=\"column\" data-e-type=\"column\">\n\t\t\t<div class=\"elementor-widget-wrap elementor-element-populated\">\n\t\t\t\t\t\t<div class=\"elementor-element elementor-element-27ac2026 elementor-widget elementor-widget-heading\" data-id=\"27ac2026\" data-element_type=\"widget\" data-e-type=\"widget\" data-widget_type=\"heading.default\">\n\t\t\t\t<div class=\"elementor-widget-container\">\n\t\t\t\t\t<h2 class=\"elementor-heading-title elementor-size-default\">KAHLER SPICES<\/h2>\t\t\t\t<\/div>\n\t\t\t\t<\/div>\n\t\t\t\t\t<\/div>\n\t\t<\/div>\n\t\t\t\t\t<\/div>\n\t\t<\/section>\n\t\t\t\t<section class=\"elementor-section elementor-top-section elementor-element elementor-element-62a0f4cf elementor-section-boxed elementor-section-height-default elementor-section-height-default\" data-id=\"62a0f4cf\" data-element_type=\"section\" data-e-type=\"section\">\n\t\t\t\t\t\t<div class=\"elementor-container elementor-column-gap-default\">\n\t\t\t\t\t<div class=\"elementor-column elementor-col-100 elementor-top-column elementor-element elementor-element-2c8f25c1\" data-id=\"2c8f25c1\" data-element_type=\"column\" data-e-type=\"column\">\n\t\t\t<div class=\"elementor-widget-wrap elementor-element-populated\">\n\t\t\t\t\t\t<div class=\"elementor-element elementor-element-6e8105cd elementor-widget elementor-widget-heading\" data-id=\"6e8105cd\" data-element_type=\"widget\" data-e-type=\"widget\" data-widget_type=\"heading.default\">\n\t\t\t\t<div class=\"elementor-widget-container\">\n\t\t\t\t\t<h1 class=\"elementor-heading-title elementor-size-default\">Support Your <\/br>\nLocal SPICE DEALER!<\/h1>\t\t\t\t<\/div>\n\t\t\t\t<\/div>\n\t\t\t\t\t<\/div>\n\t\t<\/div>\n\t\t\t\t\t<\/div>\n\t\t<\/section>\n\t\t\t\t<section class=\"elementor-section elementor-top-section elementor-element elementor-element-2cb7a9a elementor-section-content-middle elementor-section-boxed elementor-section-height-default elementor-section-height-default\" data-id=\"2cb7a9a\" data-element_type=\"section\" data-e-type=\"section\">\n\t\t\t\t\t\t<div class=\"elementor-container elementor-column-gap-default\">\n\t\t\t\t\t<div class=\"elementor-column elementor-col-33 elementor-top-column elementor-element elementor-element-10cb046\" data-id=\"10cb046\" data-element_type=\"column\" data-e-type=\"column\">\n\t\t\t<div class=\"elementor-widget-wrap elementor-element-populated\">\n\t\t\t\t\t\t<div class=\"elementor-element elementor-element-94b0b09 elementor-widget elementor-widget-heading\" data-id=\"94b0b09\" data-element_type=\"widget\" data-e-type=\"widget\" data-widget_type=\"heading.default\">\n\t\t\t\t<div class=\"elementor-widget-container\">\n\t\t\t\t\t<h2 class=\"elementor-heading-title elementor-size-default\">KAHLER SPICES BERLIN<\/h2>\t\t\t\t<\/div>\n\t\t\t\t<\/div>\n\t\t\t\t<div class=\"elementor-element elementor-element-47a8d16 elementor-widget elementor-widget-text-editor\" data-id=\"47a8d16\" data-element_type=\"widget\" data-e-type=\"widget\" data-widget_type=\"text-editor.default\">\n\t\t\t\t<div class=\"elementor-widget-container\">\n\t\t\t\t\t\t\t\t\t<p>You&#8217;ve probably noticed it already &#8211; we love customers who allow us to create experiences for the senses! Of course, the sense of smell can&#8217;t be missing. <\/p>\t\t\t\t\t\t\t\t<\/div>\n\t\t\t\t<\/div>\n\t\t\t\t\t<\/div>\n\t\t<\/div>\n\t\t\t\t<div class=\"elementor-column elementor-col-66 elementor-top-column elementor-element elementor-element-c888206\" data-id=\"c888206\" data-element_type=\"column\" data-e-type=\"column\">\n\t\t\t<div class=\"elementor-widget-wrap elementor-element-populated\">\n\t\t\t\t\t\t<div class=\"elementor-element elementor-element-2bf6eea elementor-widget elementor-widget-image\" data-id=\"2bf6eea\" data-element_type=\"widget\" data-e-type=\"widget\" data-widget_type=\"image.default\">\n\t\t\t\t<div class=\"elementor-widget-container\">\n\t\t\t\t\t\t\t\t\t\t\t\t\t\t\t<img fetchpriority=\"high\" decoding=\"async\" width=\"2560\" height=\"1706\" src=\"https:\/\/www.pat-patachon.de\/wp-content\/uploads\/2022\/09\/Kahler_gewuerze-scaled.jpg\" class=\"attachment-full size-full wp-image-6605\" alt=\"Three black, resealable spice bags with game seasonings stand on a rustic wooden surface. The varieties &quot;Venison Seasoning,&quot; &quot;Wild Boar Seasoning,&quot; and &quot;Deer Seasoning&quot; are refined with different herbs. In the background are tree bark and spices.\" srcset=\"https:\/\/www.pat-patachon.de\/wp-content\/uploads\/2022\/09\/Kahler_gewuerze-scaled.jpg 2560w, https:\/\/www.pat-patachon.de\/wp-content\/uploads\/2022\/09\/Kahler_gewuerze-300x200.jpg 300w, https:\/\/www.pat-patachon.de\/wp-content\/uploads\/2022\/09\/Kahler_gewuerze-1024x683.jpg 1024w, https:\/\/www.pat-patachon.de\/wp-content\/uploads\/2022\/09\/Kahler_gewuerze-768x512.jpg 768w, https:\/\/www.pat-patachon.de\/wp-content\/uploads\/2022\/09\/Kahler_gewuerze-1536x1024.jpg 1536w, https:\/\/www.pat-patachon.de\/wp-content\/uploads\/2022\/09\/Kahler_gewuerze-2048x1365.jpg 2048w\" sizes=\"(max-width: 2560px) 100vw, 2560px\" \/>\t\t\t\t\t\t\t\t\t\t\t\t\t\t\t<\/div>\n\t\t\t\t<\/div>\n\t\t\t\t\t<\/div>\n\t\t<\/div>\n\t\t\t\t\t<\/div>\n\t\t<\/section>\n\t\t\t\t<section class=\"elementor-section elementor-top-section elementor-element elementor-element-c9bafde elementor-section-boxed elementor-section-height-default elementor-section-height-default\" data-id=\"c9bafde\" data-element_type=\"section\" data-e-type=\"section\">\n\t\t\t\t\t\t<div class=\"elementor-container elementor-column-gap-default\">\n\t\t\t\t\t<div class=\"elementor-column elementor-col-100 elementor-top-column elementor-element elementor-element-b2e506b\" data-id=\"b2e506b\" data-element_type=\"column\" data-e-type=\"column\">\n\t\t\t<div class=\"elementor-widget-wrap elementor-element-populated\">\n\t\t\t\t\t\t<div class=\"elementor-element elementor-element-7cbf84a elementor-widget elementor-widget-text-editor\" data-id=\"7cbf84a\" data-element_type=\"widget\" data-e-type=\"widget\" data-widget_type=\"text-editor.default\">\n\t\t\t\t<div class=\"elementor-widget-container\">\n\t\t\t\t\t\t\t\t\t<p style=\"text-align: center;\"><strong>Our services at a glance:<\/strong><br>Graphic design of the complete corporate design including all spice packaging <br>Brand development<br>Professional photo shoot including image editing <br>Prepress including print supervision <\/p>\t\t\t\t\t\t\t\t<\/div>\n\t\t\t\t<\/div>\n\t\t\t\t\t<\/div>\n\t\t<\/div>\n\t\t\t\t\t<\/div>\n\t\t<\/section>\n\t\t\t\t<section class=\"elementor-section elementor-top-section elementor-element elementor-element-b43842c elementor-section-content-middle elementor-section-boxed elementor-section-height-default elementor-section-height-default\" data-id=\"b43842c\" data-element_type=\"section\" data-e-type=\"section\">\n\t\t\t\t\t\t<div class=\"elementor-container elementor-column-gap-default\">\n\t\t\t\t\t<div class=\"elementor-column elementor-col-66 elementor-top-column elementor-element elementor-element-43769c5\" data-id=\"43769c5\" data-element_type=\"column\" data-e-type=\"column\">\n\t\t\t<div class=\"elementor-widget-wrap elementor-element-populated\">\n\t\t\t\t\t\t<div class=\"elementor-element elementor-element-2dc0e53 elementor-widget elementor-widget-image\" data-id=\"2dc0e53\" data-element_type=\"widget\" data-e-type=\"widget\" data-widget_type=\"image.default\">\n\t\t\t\t<div class=\"elementor-widget-container\">\n\t\t\t\t\t\t\t\t\t\t\t\t\t\t\t<img decoding=\"async\" width=\"1920\" height=\"1100\" src=\"https:\/\/www.pat-patachon.de\/wp-content\/uploads\/2022\/09\/Kahler_Flyer.jpg\" class=\"attachment-full size-full wp-image-6603\" alt=\"Ein aufgeschlagener Werbeflyer f\u00fcr Gew\u00fcrze. Links ein Foto mit gegrilltem Angus-Steak auf einer Holzunterlage, umgeben von Gew\u00fcrzen, mit Rezeptvorschlag. Rechts Produktinformationen mit gr\u00fcnen Akzenten und dem Slogan \u201eQualit\u00e4tsgew\u00fcrze seit 1928\u201c.\" srcset=\"https:\/\/www.pat-patachon.de\/wp-content\/uploads\/2022\/09\/Kahler_Flyer.jpg 1920w, https:\/\/www.pat-patachon.de\/wp-content\/uploads\/2022\/09\/Kahler_Flyer-300x172.jpg 300w, https:\/\/www.pat-patachon.de\/wp-content\/uploads\/2022\/09\/Kahler_Flyer-1024x587.jpg 1024w, https:\/\/www.pat-patachon.de\/wp-content\/uploads\/2022\/09\/Kahler_Flyer-768x440.jpg 768w, https:\/\/www.pat-patachon.de\/wp-content\/uploads\/2022\/09\/Kahler_Flyer-1536x880.jpg 1536w\" sizes=\"(max-width: 1920px) 100vw, 1920px\" \/>\t\t\t\t\t\t\t\t\t\t\t\t\t\t\t<\/div>\n\t\t\t\t<\/div>\n\t\t\t\t\t<\/div>\n\t\t<\/div>\n\t\t\t\t<div class=\"elementor-column elementor-col-33 elementor-top-column elementor-element elementor-element-5c5f334\" data-id=\"5c5f334\" data-element_type=\"column\" data-e-type=\"column\">\n\t\t\t<div class=\"elementor-widget-wrap elementor-element-populated\">\n\t\t\t\t\t\t<div class=\"elementor-element elementor-element-4a21f09 elementor-widget elementor-widget-heading\" data-id=\"4a21f09\" data-element_type=\"widget\" data-e-type=\"widget\" data-widget_type=\"heading.default\">\n\t\t\t\t<div class=\"elementor-widget-container\">\n\t\t\t\t\t<h2 class=\"elementor-heading-title elementor-size-default\">Corporate Design<\/h2>\t\t\t\t<\/div>\n\t\t\t\t<\/div>\n\t\t\t\t<div class=\"elementor-element elementor-element-ad3832d elementor-widget elementor-widget-text-editor\" data-id=\"ad3832d\" data-element_type=\"widget\" data-e-type=\"widget\" data-widget_type=\"text-editor.default\">\n\t\t\t\t<div class=\"elementor-widget-container\">\n\t\t\t\t\t\t\t\t\tThe company Kahler Spices has been producing traditional spice blends since 1920. Out of love for their products and the convincing quality, it was an honor for us to translate the brand experience of Kahler Spices into modern times.  <br>\t\t\t\t\t\t\t\t<\/div>\n\t\t\t\t<\/div>\n\t\t\t\t\t<\/div>\n\t\t<\/div>\n\t\t\t\t\t<\/div>\n\t\t<\/section>\n\t\t\t\t<section class=\"elementor-section elementor-top-section elementor-element elementor-element-318d573 elementor-section-content-middle elementor-section-boxed elementor-section-height-default elementor-section-height-default\" data-id=\"318d573\" data-element_type=\"section\" data-e-type=\"section\">\n\t\t\t\t\t\t<div class=\"elementor-container elementor-column-gap-default\">\n\t\t\t\t\t<div class=\"elementor-column elementor-col-33 elementor-top-column elementor-element elementor-element-8f211fc\" data-id=\"8f211fc\" data-element_type=\"column\" data-e-type=\"column\">\n\t\t\t<div class=\"elementor-widget-wrap elementor-element-populated\">\n\t\t\t\t\t\t<div class=\"elementor-element elementor-element-912ca3d elementor-widget elementor-widget-heading\" data-id=\"912ca3d\" data-element_type=\"widget\" data-e-type=\"widget\" data-widget_type=\"heading.default\">\n\t\t\t\t<div class=\"elementor-widget-container\">\n\t\t\t\t\t<h2 class=\"elementor-heading-title elementor-size-default\">Web Design<\/h2>\t\t\t\t<\/div>\n\t\t\t\t<\/div>\n\t\t\t\t<div class=\"elementor-element elementor-element-f71acc2 elementor-widget elementor-widget-text-editor\" data-id=\"f71acc2\" data-element_type=\"widget\" data-e-type=\"widget\" data-widget_type=\"text-editor.default\">\n\t\t\t\t<div class=\"elementor-widget-container\">\n\t\t\t\t\t\t\t\t\t<p>The further development of the brand was in our design hands, as well as the design of various advertising materials, the display design for the online shop, and in the course of our collaboration, the complete relaunch of the website. <br>For the relaunch, the entire product range was combined into a comprehensive website, including a relaunch of the online shop. Previously, the online shop was still independent.  <\/p>\t\t\t\t\t\t\t\t<\/div>\n\t\t\t\t<\/div>\n\t\t\t\t\t<\/div>\n\t\t<\/div>\n\t\t\t\t<div class=\"elementor-column elementor-col-66 elementor-top-column elementor-element elementor-element-14309b0\" data-id=\"14309b0\" data-element_type=\"column\" data-e-type=\"column\">\n\t\t\t<div class=\"elementor-widget-wrap elementor-element-populated\">\n\t\t\t\t\t\t<div class=\"elementor-element elementor-element-6e5aab2 elementor-widget elementor-widget-image\" data-id=\"6e5aab2\" data-element_type=\"widget\" data-e-type=\"widget\" data-widget_type=\"image.default\">\n\t\t\t\t<div class=\"elementor-widget-container\">\n\t\t\t\t\t\t\t\t\t\t\t\t\t\t\t<img decoding=\"async\" width=\"1920\" height=\"1100\" src=\"https:\/\/www.pat-patachon.de\/wp-content\/uploads\/2022\/09\/vorher_nachher.jpg\" class=\"attachment-full size-full wp-image-6602\" alt=\"Vergleich einer Website vor und nach einem Relaunch. Links die alte Version mit dunkelgr\u00fcnem Textblock und schlichtem Design. Rechts die \u00fcberarbeitete Seite mit gro\u00dffl\u00e4chigem Bild von Kr\u00e4utern und Gew\u00fcrzen, modernem Layout und einladendem Werbeslogan.\" srcset=\"https:\/\/www.pat-patachon.de\/wp-content\/uploads\/2022\/09\/vorher_nachher.jpg 1920w, https:\/\/www.pat-patachon.de\/wp-content\/uploads\/2022\/09\/vorher_nachher-300x172.jpg 300w, https:\/\/www.pat-patachon.de\/wp-content\/uploads\/2022\/09\/vorher_nachher-1024x587.jpg 1024w, https:\/\/www.pat-patachon.de\/wp-content\/uploads\/2022\/09\/vorher_nachher-768x440.jpg 768w, https:\/\/www.pat-patachon.de\/wp-content\/uploads\/2022\/09\/vorher_nachher-1536x880.jpg 1536w\" sizes=\"(max-width: 1920px) 100vw, 1920px\" \/>\t\t\t\t\t\t\t\t\t\t\t\t\t\t\t<\/div>\n\t\t\t\t<\/div>\n\t\t\t\t\t<\/div>\n\t\t<\/div>\n\t\t\t\t\t<\/div>\n\t\t<\/section>\n\t\t\t\t<section class=\"elementor-section elementor-top-section elementor-element elementor-element-dba05db elementor-section-content-middle elementor-section-boxed elementor-section-height-default elementor-section-height-default\" data-id=\"dba05db\" data-element_type=\"section\" data-e-type=\"section\">\n\t\t\t\t\t\t<div class=\"elementor-container elementor-column-gap-default\">\n\t\t\t\t\t<div class=\"elementor-column elementor-col-66 elementor-top-column elementor-element elementor-element-f2d1942\" data-id=\"f2d1942\" data-element_type=\"column\" data-e-type=\"column\">\n\t\t\t<div class=\"elementor-widget-wrap elementor-element-populated\">\n\t\t\t\t\t\t<div class=\"elementor-element elementor-element-a5d36ea elementor-widget elementor-widget-image\" data-id=\"a5d36ea\" data-element_type=\"widget\" data-e-type=\"widget\" data-widget_type=\"image.default\">\n\t\t\t\t<div class=\"elementor-widget-container\">\n\t\t\t\t\t\t\t\t\t\t\t\t\t\t\t<img loading=\"lazy\" decoding=\"async\" width=\"2560\" height=\"1706\" src=\"https:\/\/www.pat-patachon.de\/wp-content\/uploads\/2022\/09\/Kahler_shooting-scaled.jpg\" class=\"attachment-full size-full wp-image-6604\" alt=\"Gegrilltes Fleisch mit Gew\u00fcrzen auf einer schwarzen Unterlage. Drumherum liegen eine rote Paprika, Knoblauch und Wacholderbeeren. Im Hintergrund stehen Sch\u00e4lchen mit Lorbeerbl\u00e4ttern, Sternanis und Kr\u00e4utern, dazu eine Flasche Bier, ein Weinglas und eine Karaffe.\" srcset=\"https:\/\/www.pat-patachon.de\/wp-content\/uploads\/2022\/09\/Kahler_shooting-scaled.jpg 2560w, https:\/\/www.pat-patachon.de\/wp-content\/uploads\/2022\/09\/Kahler_shooting-300x200.jpg 300w, https:\/\/www.pat-patachon.de\/wp-content\/uploads\/2022\/09\/Kahler_shooting-1024x683.jpg 1024w, https:\/\/www.pat-patachon.de\/wp-content\/uploads\/2022\/09\/Kahler_shooting-768x512.jpg 768w, https:\/\/www.pat-patachon.de\/wp-content\/uploads\/2022\/09\/Kahler_shooting-1536x1024.jpg 1536w, https:\/\/www.pat-patachon.de\/wp-content\/uploads\/2022\/09\/Kahler_shooting-2048x1365.jpg 2048w\" sizes=\"(max-width: 2560px) 100vw, 2560px\" \/>\t\t\t\t\t\t\t\t\t\t\t\t\t\t\t<\/div>\n\t\t\t\t<\/div>\n\t\t\t\t\t<\/div>\n\t\t<\/div>\n\t\t\t\t<div class=\"elementor-column elementor-col-33 elementor-top-column elementor-element elementor-element-189577c\" data-id=\"189577c\" data-element_type=\"column\" data-e-type=\"column\">\n\t\t\t<div class=\"elementor-widget-wrap elementor-element-populated\">\n\t\t\t\t\t\t<div class=\"elementor-element elementor-element-1c8352d elementor-widget elementor-widget-heading\" data-id=\"1c8352d\" data-element_type=\"widget\" data-e-type=\"widget\" data-widget_type=\"heading.default\">\n\t\t\t\t<div class=\"elementor-widget-container\">\n\t\t\t\t\t<h2 class=\"elementor-heading-title elementor-size-default\">Professional Photo Shoot<\/h2>\t\t\t\t<\/div>\n\t\t\t\t<\/div>\n\t\t\t\t<div class=\"elementor-element elementor-element-30ac787 elementor-widget elementor-widget-text-editor\" data-id=\"30ac787\" data-element_type=\"widget\" data-e-type=\"widget\" data-widget_type=\"text-editor.default\">\n\t\t\t\t<div class=\"elementor-widget-container\">\n\t\t\t\t\t\t\t\t\t<p>For the extensive photo shoot, we created both the briefing and developed the image worlds, including all relevant preliminary discussions.  <br>The final image editing was also done by <br><b>Pat &amp; Patachon<\/b>. The overall result, including website and image worlds, allows one to immerse oneself in a world of scents that already tingles in the nose just by looking at it.<br>Mhmm &#8230; what smells so smoky, woody like BBQ here? <br>Can you smell it too?! <\/p>\t\t\t\t\t\t\t\t<\/div>\n\t\t\t\t<\/div>\n\t\t\t\t\t<\/div>\n\t\t<\/div>\n\t\t\t\t\t<\/div>\n\t\t<\/section>\n\t\t\t\t<\/div>\n\t\t","protected":false},"excerpt":{"rendered":"<p>KAHLER SPICES Support Your Local SPICE DEALER! KAHLER SPICES BERLIN You&#8217;ve probably noticed it already &#8211; we love customers who allow us to create experiences for the senses! Of course, the sense of smell can&#8217;t be missing. Our services at a glance:Graphic design of the complete corporate design including all spice packaging Brand developmentProfessional photo [&hellip;]<\/p>\n","protected":false},"author":2,"featured_media":0,"parent":7158,"menu_order":0,"comment_status":"closed","ping_status":"closed","template":"","meta":{"_acf_changed":false,"footnotes":""},"class_list":["post-7173","page","type-page","status-publish","hentry"],"acf":[],"_links":{"self":[{"href":"https:\/\/www.pat-patachon.de\/en\/wp-json\/wp\/v2\/pages\/7173","targetHints":{"allow":["GET"]}}],"collection":[{"href":"https:\/\/www.pat-patachon.de\/en\/wp-json\/wp\/v2\/pages"}],"about":[{"href":"https:\/\/www.pat-patachon.de\/en\/wp-json\/wp\/v2\/types\/page"}],"author":[{"embeddable":true,"href":"https:\/\/www.pat-patachon.de\/en\/wp-json\/wp\/v2\/users\/2"}],"replies":[{"embeddable":true,"href":"https:\/\/www.pat-patachon.de\/en\/wp-json\/wp\/v2\/comments?post=7173"}],"version-history":[{"count":1,"href":"https:\/\/www.pat-patachon.de\/en\/wp-json\/wp\/v2\/pages\/7173\/revisions"}],"predecessor-version":[{"id":7174,"href":"https:\/\/www.pat-patachon.de\/en\/wp-json\/wp\/v2\/pages\/7173\/revisions\/7174"}],"up":[{"embeddable":true,"href":"https:\/\/www.pat-patachon.de\/en\/wp-json\/wp\/v2\/pages\/7158"}],"wp:attachment":[{"href":"https:\/\/www.pat-patachon.de\/en\/wp-json\/wp\/v2\/media?parent=7173"}],"curies":[{"name":"wp","href":"https:\/\/api.w.org\/{rel}","templated":true}]}}