{"id":9348,"date":"2026-02-23T13:34:16","date_gmt":"2026-02-23T12:34:16","guid":{"rendered":"https:\/\/www.pat-patachon.de\/blog\/"},"modified":"2026-03-12T17:35:44","modified_gmt":"2026-03-12T16:35:44","slug":"blog","status":"publish","type":"page","link":"https:\/\/www.pat-patachon.de\/en\/blog\/","title":{"rendered":"Blog"},"content":{"rendered":"\t\t<div data-elementor-type=\"wp-page\" data-elementor-id=\"9348\" class=\"elementor elementor-9348 elementor-9344\" data-elementor-post-type=\"page\">\n\t\t\t\t\t\t<section class=\"elementor-section elementor-top-section elementor-element elementor-element-7876967a elementor-section-full_width elementor-section-height-min-height elementor-section-items-bottom elementor-section-content-bottom elementor-section-height-default\" data-id=\"7876967a\" data-element_type=\"section\" data-e-type=\"section\" data-settings=\"{&quot;background_background&quot;:&quot;classic&quot;}\">\n\t\t\t\t\t\t\t<div class=\"elementor-background-overlay\"><\/div>\n\t\t\t\t\t\t\t<div class=\"elementor-container elementor-column-gap-no\">\n\t\t\t\t\t<div class=\"elementor-column elementor-col-100 elementor-top-column elementor-element elementor-element-71050106\" data-id=\"71050106\" data-element_type=\"column\" data-e-type=\"column\">\n\t\t\t<div class=\"elementor-widget-wrap elementor-element-populated\">\n\t\t\t\t\t\t<div class=\"elementor-element elementor-element-6f4c37bc elementor-widget elementor-widget-heading\" data-id=\"6f4c37bc\" data-element_type=\"widget\" data-e-type=\"widget\" data-widget_type=\"heading.default\">\n\t\t\t\t<div class=\"elementor-widget-container\">\n\t\t\t\t\t<h1 class=\"elementor-heading-title elementor-size-default\">BLOG<\/h1>\t\t\t\t<\/div>\n\t\t\t\t<\/div>\n\t\t\t\t\t<\/div>\n\t\t<\/div>\n\t\t\t\t\t<\/div>\n\t\t<\/section>\n\t\t<div class=\"elementor-element elementor-element-5cbdde2 e-flex e-con-boxed e-con e-parent\" data-id=\"5cbdde2\" data-element_type=\"container\" data-e-type=\"container\" data-settings=\"{&quot;background_background&quot;:&quot;classic&quot;}\">\n\t\t\t\t\t<div class=\"e-con-inner\">\n\t\t\t\t<div class=\"elementor-element elementor-element-17a6d11 elementor-widget elementor-widget-TC WPBlog\" data-id=\"17a6d11\" data-element_type=\"widget\" data-e-type=\"widget\" data-widget_type=\"TC WPBlog.default\">\n\t\t\t\t<div class=\"elementor-widget-container\">\n\t\t\t\t\t<div class=\"twoconcepts-container twoconcepts-WPBlog\" id=\"twoconcepts-WPBlog-container\"><div class=\"tc-row tc-row--leftgrid\"><div class=\"tc-col tc-col--grid\"><a class=\"tc-card tc-card--sm\" href=\"https:\/\/www.pat-patachon.de\/en\/sponsoring-for-sports-clubs-in-berlin\/\" title=\"Sponsoring for Sports Clubs in Berlin\">  <div class=\"tc-bg\" style=\"background-image:url('https:\/\/www.pat-patachon.de\/wp-content\/uploads\/2026\/03\/IMG-20260111-WA0002-1024x768.jpg')\"><\/div>  <div class=\"tc-overlay\"><\/div>  <div class=\"tc-content\">    <div class=\"tc-cat\">General<\/div>    <h2 class=\"tc-title\">Sponsoring for Sports Clubs in Berlin<\/h2>    <div class=\"tc-btn\" title=\"Read more\"><i class=\"fa-light fa-arrow-right\"><\/i><\/div>  <\/div><\/a><a class=\"tc-card tc-card--sm\" href=\"https:\/\/www.pat-patachon.de\/en\/high-tech-films-in-the-fast-lane\/\" title=\"High-Tech Films in the Fast Lane\">  <div class=\"tc-bg\" style=\"background-image:url('https:\/\/www.pat-patachon.de\/wp-content\/uploads\/2024\/09\/2024-02-01-DPB-Zughotel_00751-Verbessert-RR-1024x683.jpg')\"><\/div>  <div class=\"tc-overlay\"><\/div>  <div class=\"tc-content\">    <div class=\"tc-cat\">Train Branding<\/div>    <h2 class=\"tc-title\">High-Tech Films in the Fast Lane<\/h2>    <div class=\"tc-btn\" title=\"Read more\"><i class=\"fa-light fa-arrow-right\"><\/i><\/div>  <\/div><\/a><a class=\"tc-card tc-card--sm\" href=\"https:\/\/www.pat-patachon.de\/en\/member-of-the-bauport-berlin-network\/\" title=\"Member of the Bauport Berlin Network\">  <div class=\"tc-bg\" style=\"background-image:url('https:\/\/www.pat-patachon.de\/wp-content\/uploads\/2024\/09\/2024-02-01-DPB-Zughotel_00751-Verbessert-RR-1024x683.jpg')\"><\/div>  <div class=\"tc-overlay\"><\/div>  <div class=\"tc-content\">    <div class=\"tc-cat\">General<\/div>    <h2 class=\"tc-title\">Member of the Bauport Berlin Network<\/h2>    <div class=\"tc-btn\" title=\"Read more\"><i class=\"fa-light fa-arrow-right\"><\/i><\/div>  <\/div><\/a><a class=\"tc-card tc-card--sm\" href=\"https:\/\/www.pat-patachon.de\/en\/modernizing-elevators-in-residential-construction\/\" title=\"Modernizing elevators in residential construction\">  <div class=\"tc-bg\" style=\"background-image:url('https:\/\/www.pat-patachon.de\/wp-content\/uploads\/2025\/09\/Patachon_Moebelfolie_Aufzug_3-1024x683.jpg')\"><\/div>  <div class=\"tc-overlay\"><\/div>  <div class=\"tc-content\">    <div class=\"tc-cat\">M\u00f6belfolie<\/div>    <h2 class=\"tc-title\">Modernizing elevators in residential construction<\/h2>    <div class=\"tc-btn\" title=\"Read more\"><i class=\"fa-light fa-arrow-right\"><\/i><\/div>  <\/div><\/a><\/div><div class=\"tc-col tc-col--featured\"><a class=\"tc-card tc-card--lg\" href=\"https:\/\/www.pat-patachon.de\/en\/modernize-windows-with-heat-protection-films\/\" title=\"Modernize Windows with Heat Protection Films\">  <div class=\"tc-bg\" style=\"background-image:url('https:\/\/www.pat-patachon.de\/wp-content\/uploads\/2025\/09\/Patachon_Hitzeschutz_Liberty-Powerhouse_3-1024x683.jpg')\"><\/div>  <div class=\"tc-overlay\"><\/div>  <div class=\"tc-content\">    <div class=\"tc-cat\">Heat Protection<\/div>    <h2 class=\"tc-title\">Modernize Windows with Heat Protection Films<\/h2>    <div class=\"tc-btn\" title=\"Read more\"><i class=\"fa-light fa-arrow-right\"><\/i><\/div>  <\/div><\/a><\/div><\/div><div class=\"tc-row tc-row--rightgrid\"><div class=\"tc-col tc-col--featured\"><a class=\"tc-card tc-card--lg\" href=\"https:\/\/www.pat-patachon.de\/en\/new-design-era-on-the-rails\/\" title=\"New Design Era on the Rails\">  <div class=\"tc-bg\" style=\"background-image:url('https:\/\/www.pat-patachon.de\/wp-content\/uploads\/2026\/03\/CargoServe_Dezember_Folierung_Pat_Patachon-1024x683.png')\"><\/div>  <div class=\"tc-overlay\"><\/div>  <div class=\"tc-content\">    <div class=\"tc-cat\">Train Branding<\/div>    <h2 class=\"tc-title\">New Design Era on the Rails<\/h2>    <div class=\"tc-btn\" title=\"Read more\"><i class=\"fa-light fa-arrow-right\"><\/i><\/div>  <\/div><\/a><\/div><div class=\"tc-col tc-col--grid\"><\/div><\/div><\/div>\t\t\t\t<\/div>\n\t\t\t\t<\/div>\n\t\t\t\t\t<\/div>\n\t\t\t\t<\/div>\n\t\t\t\t<\/div>\n\t\t","protected":false},"excerpt":{"rendered":"<p>BLOG Allgemein Sponsoring f\u00fcr Sportvereine in Berlin Bahnbeschriftung High-Tech-Folien auf der \u00dcberholspur Allgemein Mitglied im Bauport Berlin Netzwerk M\u00f6belfolie Fahrst\u00fchle modernisieren im Wohnungsbau Hitzeschutz Fenster modernisieren mit Hitzeschutzfolien Bahnbeschriftung Neue Design-\u00c4ra auf der Schiene<\/p>\n","protected":false},"author":1,"featured_media":0,"parent":0,"menu_order":0,"comment_status":"closed","ping_status":"closed","template":"","meta":{"_acf_changed":false,"footnotes":""},"class_list":["post-9348","page","type-page","status-publish","hentry"],"acf":[],"_links":{"self":[{"href":"https:\/\/www.pat-patachon.de\/en\/wp-json\/wp\/v2\/pages\/9348","targetHints":{"allow":["GET"]}}],"collection":[{"href":"https:\/\/www.pat-patachon.de\/en\/wp-json\/wp\/v2\/pages"}],"about":[{"href":"https:\/\/www.pat-patachon.de\/en\/wp-json\/wp\/v2\/types\/page"}],"author":[{"embeddable":true,"href":"https:\/\/www.pat-patachon.de\/en\/wp-json\/wp\/v2\/users\/1"}],"replies":[{"embeddable":true,"href":"https:\/\/www.pat-patachon.de\/en\/wp-json\/wp\/v2\/comments?post=9348"}],"version-history":[{"count":32,"href":"https:\/\/www.pat-patachon.de\/en\/wp-json\/wp\/v2\/pages\/9348\/revisions"}],"predecessor-version":[{"id":9870,"href":"https:\/\/www.pat-patachon.de\/en\/wp-json\/wp\/v2\/pages\/9348\/revisions\/9870"}],"wp:attachment":[{"href":"https:\/\/www.pat-patachon.de\/en\/wp-json\/wp\/v2\/media?parent=9348"}],"curies":[{"name":"wp","href":"https:\/\/api.w.org\/{rel}","templated":true}]}}